{"id":5638,"date":"2026-02-19T10:13:47","date_gmt":"2026-02-19T10:13:47","guid":{"rendered":"https:\/\/intar.ee\/?post_type=product&#038;p=5638"},"modified":"2026-03-12T11:28:17","modified_gmt":"2026-03-12T11:28:17","slug":"kettahoidik-nagi","status":"publish","type":"product","link":"https:\/\/intar.ee\/sv\/shop\/kettahoidik-nagi\/","title":{"rendered":"Kettahoidik-nagi"},"content":{"rendered":"<div class=\"elementor-element elementor-element-497a25c5 ob-has-background-overlay elementor-widget elementor-widget-woocommerce-product-title elementor-page-title elementor-widget-heading\" data-id=\"497a25c5\" data-element_type=\"widget\" data-e-type=\"widget\" data-settings=\"{&quot;_ob_perspektive_use&quot;:&quot;no&quot;,&quot;_ob_poopart_use&quot;:&quot;yes&quot;,&quot;_ob_shadough_use&quot;:&quot;no&quot;,&quot;_ob_allow_hoveranimator&quot;:&quot;no&quot;,&quot;_ob_widget_stalker_use&quot;:&quot;no&quot;}\" data-widget_type=\"woocommerce-product-title.default\">\n<h2 class=\"elementor-widget-container\">Kettahoidik-nagi<\/h2>\n<\/div>\n<div class=\"elementor-element elementor-element-06147a7 ob-has-background-overlay elementor-widget elementor-widget-jet-single-excerpt\" data-id=\"06147a7\" data-element_type=\"widget\" data-e-type=\"widget\" data-settings=\"{&quot;_ob_perspektive_use&quot;:&quot;no&quot;,&quot;_ob_poopart_use&quot;:&quot;yes&quot;,&quot;_ob_shadough_use&quot;:&quot;no&quot;,&quot;_ob_allow_hoveranimator&quot;:&quot;no&quot;,&quot;_ob_widget_stalker_use&quot;:&quot;no&quot;}\" data-widget_type=\"jet-single-excerpt.default\">\n<div class=\"elementor-widget-container\">\n<div class=\"elementor-jet-single-excerpt jet-woo-builder\">\n<div class=\"woocommerce-product-details__short-description\">\n<p>INTAR kettahoidik-nagi on tugevast terasest ja pulberv\u00e4rvitud. Lihtne paigaldada seinale.<\/p>\n<p>Pakendis kaasas kasutusjuhend ja kinnitusvahendid.<\/p>\n<p>V\u00f5imalik saata pakiautomaati v\u00f5i osta tootmisest kohapealt.<\/p>\n<\/div>\n<\/div>\n<\/div>\n<\/div>\n<p>&nbsp;<\/p>\n","protected":false},"excerpt":{"rendered":"<div class=\"elementor-element elementor-element-497a25c5 ob-has-background-overlay elementor-widget elementor-widget-woocommerce-product-title elementor-page-title elementor-widget-heading\" data-id=\"497a25c5\" data-element_type=\"widget\" data-e-type=\"widget\" data-settings=\"{&quot;_ob_perspektive_use&quot;:&quot;no&quot;,&quot;_ob_poopart_use&quot;:&quot;yes&quot;,&quot;_ob_shadough_use&quot;:&quot;no&quot;,&quot;_ob_allow_hoveranimator&quot;:&quot;no&quot;,&quot;_ob_widget_stalker_use&quot;:&quot;no&quot;}\" data-widget_type=\"woocommerce-product-title.default\">\n<div class=\"elementor-widget-container\">INTAR kettahoidik-nagi saab kinnitada seinale, tagades korrastatud ja ergonoomilise t\u00f6\u00f6keskkonna.<\/div>\n<\/div>\n<div class=\"elementor-element elementor-element-43d22acb elementor-widget__width-auto dc-has-condition dc-condition-not_empty ob-harakiri-inherit ob-has-background-overlay elementor-widget elementor-widget-heading ob-harakiri\" data-id=\"43d22acb\" data-element_type=\"widget\" data-e-type=\"widget\" data-settings=\"{&quot;_ob_use_harakiri&quot;:&quot;yes&quot;,&quot;_ob_harakiri_writing_mode&quot;:&quot;inherit&quot;,&quot;_ob_harakiri_text_clip&quot;:&quot;none&quot;,&quot;_ob_perspektive_use&quot;:&quot;no&quot;,&quot;_ob_poopart_use&quot;:&quot;yes&quot;,&quot;_ob_shadough_use&quot;:&quot;no&quot;,&quot;_ob_allow_hoveranimator&quot;:&quot;no&quot;,&quot;_ob_widget_stalker_use&quot;:&quot;no&quot;}\" data-widget_type=\"heading.default\">\n<div class=\"elementor-widget-container\">\n<p class=\"elementor-heading-title elementor-size-default\" style=\"text-align: left;\">Hoidik on disainitud ketasl\u00f5ikuri ketastele, kuid sobib ideaalselt ka erinevate riputatavate t\u00f6\u00f6riistade v\u00f5i vahendite hoidmiseks.<\/p>\n<\/div>\n<\/div>\n<p>Minimalistlik disain sobitub igasse interj\u00f6\u00f6ri \u2013 praktiline hoidik, mis tagab, et iga asi oleks oma kohal.<\/p>\n<p>INTARi hoidikute abil on teie t\u00f6\u00f6riistad ja muud vahendid \u2013 alati korralikult hoitud ja k\u00e4eulatuses.<\/p>\n<p>Toote m\u00f5\u00f5dud: 90x90x60mm. Kaal 7g.<\/p>\n<p><strong>Disainitud ja toodetud Eestis.<\/strong><\/p>\n","protected":false},"featured_media":5639,"template":"","meta":[],"product_brand":[],"product_cat":[84,293],"product_tag":[106,107,99,90],"class_list":{"0":"post-5638","1":"product","2":"type-product","3":"status-publish","4":"has-post-thumbnail","6":"product_cat-hoidjad","7":"product_cat-muud-tooted","8":"product_tag-holder","9":"product_tag-intar","10":"product_tag-nurklihvija","11":"product_tag-tookoda","13":"first","14":"instock","15":"shipping-taxable","16":"purchasable","17":"product-type-simple"},"_links":{"self":[{"href":"https:\/\/intar.ee\/sv\/wp-json\/wp\/v2\/product\/5638","targetHints":{"allow":["GET"]}}],"collection":[{"href":"https:\/\/intar.ee\/sv\/wp-json\/wp\/v2\/product"}],"about":[{"href":"https:\/\/intar.ee\/sv\/wp-json\/wp\/v2\/types\/product"}],"wp:featuredmedia":[{"embeddable":true,"href":"https:\/\/intar.ee\/sv\/wp-json\/wp\/v2\/media\/5639"}],"wp:attachment":[{"href":"https:\/\/intar.ee\/sv\/wp-json\/wp\/v2\/media?parent=5638"}],"wp:term":[{"taxonomy":"product_brand","embeddable":true,"href":"https:\/\/intar.ee\/sv\/wp-json\/wp\/v2\/product_brand?post=5638"},{"taxonomy":"product_cat","embeddable":true,"href":"https:\/\/intar.ee\/sv\/wp-json\/wp\/v2\/product_cat?post=5638"},{"taxonomy":"product_tag","embeddable":true,"href":"https:\/\/intar.ee\/sv\/wp-json\/wp\/v2\/product_tag?post=5638"}],"curies":[{"name":"wp","href":"https:\/\/api.w.org\/{rel}","templated":true}]}}