{"id":5476,"date":"2024-11-25T08:01:32","date_gmt":"2024-11-25T08:01:32","guid":{"rendered":"https:\/\/intar.ee\/pood\/industriell-pappersrullhallare\/"},"modified":"2024-11-25T08:01:32","modified_gmt":"2024-11-25T08:01:32","slug":"industriell-pappersrullhallare","status":"publish","type":"product","link":"https:\/\/intar.ee\/sv\/shop\/industriell-pappersrullhallare\/","title":{"rendered":"Industriell pappersrullh\u00e5llare"},"content":{"rendered":"<p>INTAR:s industriella pappersrullh\u00e5llare \u00e4r tillverkad av h\u00f6gkvalitativt st\u00e5l och pulverlackerad. Den v\u00e4ggmonterbara h\u00e5llaren sparar v\u00e4rdefull arbetsyta och \u00e4r alltid redo att anv\u00e4ndas. Idealisk f\u00f6r tillverkningsanl\u00e4ggningar, lager och verkst\u00e4der. Det minimalistiska formspr\u00e5ket g\u00f6r att den passar in i alla milj\u00f6er.<\/p>\n<p>Med INTAR-f\u00f6rvaring \u00e4r din arbetsplats alltid st\u00e4dad.<\/p>\n","protected":false},"excerpt":{"rendered":"<p>INTAR:s industriella pappersrullh\u00e5llare \u00e4r tillverkad av h\u00f6gkvalitativt st\u00e5l och pulverlackerad. Den v\u00e4ggmonterbara h\u00e5llaren sparar v\u00e4rdefull arbetsyta och \u00e4r alltid redo att anv\u00e4ndas. Idealisk f\u00f6r tillverkningsanl\u00e4ggningar, lager och verkst\u00e4der. Det minimalistiska formspr\u00e5ket g\u00f6r att den passar in i alla milj\u00f6er. Med INTAR-f\u00f6rvaring \u00e4r din arbetsplats alltid st\u00e4dad.<\/p>\n","protected":false},"featured_media":5463,"template":"","meta":[],"product_brand":[],"product_cat":[162],"product_tag":[],"class_list":{"0":"post-5476","1":"product","2":"type-product","3":"status-publish","4":"has-post-thumbnail","6":"product_cat-hallare","8":"first","9":"instock","10":"shipping-taxable","11":"purchasable","12":"product-type-simple"},"_links":{"self":[{"href":"https:\/\/intar.ee\/sv\/wp-json\/wp\/v2\/product\/5476","targetHints":{"allow":["GET"]}}],"collection":[{"href":"https:\/\/intar.ee\/sv\/wp-json\/wp\/v2\/product"}],"about":[{"href":"https:\/\/intar.ee\/sv\/wp-json\/wp\/v2\/types\/product"}],"wp:featuredmedia":[{"embeddable":true,"href":"https:\/\/intar.ee\/sv\/wp-json\/wp\/v2\/media\/5463"}],"wp:attachment":[{"href":"https:\/\/intar.ee\/sv\/wp-json\/wp\/v2\/media?parent=5476"}],"wp:term":[{"taxonomy":"product_brand","embeddable":true,"href":"https:\/\/intar.ee\/sv\/wp-json\/wp\/v2\/product_brand?post=5476"},{"taxonomy":"product_cat","embeddable":true,"href":"https:\/\/intar.ee\/sv\/wp-json\/wp\/v2\/product_cat?post=5476"},{"taxonomy":"product_tag","embeddable":true,"href":"https:\/\/intar.ee\/sv\/wp-json\/wp\/v2\/product_tag?post=5476"}],"curies":[{"name":"wp","href":"https:\/\/api.w.org\/{rel}","templated":true}]}}