{"id":5470,"date":"2024-11-25T07:57:25","date_gmt":"2024-11-25T07:57:25","guid":{"rendered":"https:\/\/intar.ee\/pood\/laptophallare\/"},"modified":"2024-11-25T07:57:25","modified_gmt":"2024-11-25T07:57:25","slug":"laptophallare","status":"publish","type":"product","link":"https:\/\/intar.ee\/sv\/shop\/laptophallare\/","title":{"rendered":"Laptoph\u00e5llare"},"content":{"rendered":"<p>INTAR laptoph\u00e5llare \u00e4r tillverkad av h\u00f6gkvalitativt st\u00e5l och pulverlackerad. Stativet \u00e4r utformat f\u00f6r den moderna arbetsplatsen f\u00f6r att s\u00e4kerst\u00e4lla effektivitet, anv\u00e4ndarv\u00e4nlighet och organisation. H\u00e5llaren kan monteras p\u00e5 ett skrivbord eller f\u00e4stas p\u00e5 v\u00e4ggen. Det minimalistiska formspr\u00e5ket g\u00f6r att den passar i alla inredningar.<\/p>\n<p>Med INTAR-f\u00f6rvaring \u00e4r dina verktyg &#8211; och nu \u00e4ven din utrustning &#8211; alltid prydligt f\u00f6rvarade och inom r\u00e4ckh\u00e5ll.<\/p>\n<p>Translated with DeepL.com (free version)<\/p>\n","protected":false},"excerpt":{"rendered":"<p>INTAR laptoph\u00e5llare \u00e4r tillverkad av h\u00f6gkvalitativt st\u00e5l och pulverlackerad. Stativet \u00e4r utformat f\u00f6r den moderna arbetsplatsen f\u00f6r att s\u00e4kerst\u00e4lla effektivitet, anv\u00e4ndarv\u00e4nlighet och organisation. H\u00e5llaren kan monteras p\u00e5 ett skrivbord eller f\u00e4stas p\u00e5 v\u00e4ggen. Det minimalistiska formspr\u00e5ket g\u00f6r att den passar i alla inredningar. Med INTAR-f\u00f6rvaring \u00e4r dina verktyg &#8211; och nu \u00e4ven din utrustning &#8211; [&hellip;]<\/p>\n","protected":false},"featured_media":5459,"template":"","meta":[],"product_brand":[],"product_cat":[162],"product_tag":[284],"class_list":{"0":"post-5470","1":"product","2":"type-product","3":"status-publish","4":"has-post-thumbnail","6":"product_cat-hallare","7":"product_tag-laptophallare","9":"first","10":"instock","11":"shipping-taxable","12":"purchasable","13":"product-type-simple"},"_links":{"self":[{"href":"https:\/\/intar.ee\/sv\/wp-json\/wp\/v2\/product\/5470","targetHints":{"allow":["GET"]}}],"collection":[{"href":"https:\/\/intar.ee\/sv\/wp-json\/wp\/v2\/product"}],"about":[{"href":"https:\/\/intar.ee\/sv\/wp-json\/wp\/v2\/types\/product"}],"wp:featuredmedia":[{"embeddable":true,"href":"https:\/\/intar.ee\/sv\/wp-json\/wp\/v2\/media\/5459"}],"wp:attachment":[{"href":"https:\/\/intar.ee\/sv\/wp-json\/wp\/v2\/media?parent=5470"}],"wp:term":[{"taxonomy":"product_brand","embeddable":true,"href":"https:\/\/intar.ee\/sv\/wp-json\/wp\/v2\/product_brand?post=5470"},{"taxonomy":"product_cat","embeddable":true,"href":"https:\/\/intar.ee\/sv\/wp-json\/wp\/v2\/product_cat?post=5470"},{"taxonomy":"product_tag","embeddable":true,"href":"https:\/\/intar.ee\/sv\/wp-json\/wp\/v2\/product_tag?post=5470"}],"curies":[{"name":"wp","href":"https:\/\/api.w.org\/{rel}","templated":true}]}}