{"id":2334,"date":"2021-03-16T19:18:56","date_gmt":"2021-03-16T19:18:56","guid":{"rendered":"https:\/\/intar.ee\/?post_type=product&#038;p=2334"},"modified":"2021-03-16T19:31:54","modified_gmt":"2021-03-16T19:31:54","slug":"slagnyckelhallare-med-2-platser","status":"publish","type":"product","link":"https:\/\/intar.ee\/sv\/shop\/slagnyckelhallare-med-2-platser\/","title":{"rendered":"Slagnyckelh\u00e5llare med 2 platser"},"content":{"rendered":"<h2>Intar Slagnyckelh\u00e5llare<\/h2>\n<p>Verktygsh\u00e5llare med 2 platser. utformad f\u00f6r st\u00f6rre verktyg som inte passar i en vanlig borrh\u00e5llare.<\/p>\n<p><strong>Designad och tillverkad I ESTLAND.<\/strong><\/p>\n<p>Framst\u00e4lld av h\u00e5llfast metall, pulverlackerad.<\/p>\n<p>Produktm\u00e5tt: <strong>183x220x226mm<\/strong>, vikt <strong>2,5kg<\/strong>.<\/p>\n<p>Monteringsanvisningen och monteringsdetaljerna medf\u00f6ljer i f\u00f6rpackningen.<\/p>\n<p>Kan levereras till en paketautomat eller h\u00e4mtas hos tillverkaren.<\/p>\n<p>H\u00e5llaren \u00e4r l\u00e4mplig f\u00f6r m\u00e5nga olika verktyg:<\/p>\n<ul>\n<li>Varmluftspistol<\/li>\n<li>D\u00e4ckpistol<\/li>\n<li>Sladdl\u00f6s borrmaskin<\/li>\n<li>Sladdl\u00f6s skruvdragare<\/li>\n<li>osv.<\/li>\n<\/ul>\n","protected":false},"excerpt":{"rendered":"<p>Verktygsh\u00e5llare med 2 platser.<\/p>\n<p>H\u00e5llaren kan anv\u00e4ndas f\u00f6r m\u00e5nga olika verktyg:<\/p>\n<ul>\n<li>Varmluftspistol<\/li>\n<li>D\u00e4ckpistol<\/li>\n<li>Sladdl\u00f6s borrmaskin<\/li>\n<li>Sladdl\u00f6s skruvdragare<\/li>\n<li>osv.<\/li>\n<\/ul>\n<p><strong>Produkten \u00e4r designad och tillverkad I ESTLAND!<\/strong><\/p>\n","protected":false},"featured_media":2846,"template":"","meta":[],"product_brand":[],"product_cat":[144,162],"product_tag":[168],"class_list":{"0":"post-2334","1":"product","2":"type-product","3":"status-publish","4":"has-post-thumbnail","6":"product_cat-drill-holder-sv","7":"product_cat-hallare","8":"product_tag-dewalt-sv","10":"first","11":"instock","12":"shipping-taxable","13":"purchasable","14":"product-type-simple"},"_links":{"self":[{"href":"https:\/\/intar.ee\/sv\/wp-json\/wp\/v2\/product\/2334","targetHints":{"allow":["GET"]}}],"collection":[{"href":"https:\/\/intar.ee\/sv\/wp-json\/wp\/v2\/product"}],"about":[{"href":"https:\/\/intar.ee\/sv\/wp-json\/wp\/v2\/types\/product"}],"wp:featuredmedia":[{"embeddable":true,"href":"https:\/\/intar.ee\/sv\/wp-json\/wp\/v2\/media\/2846"}],"wp:attachment":[{"href":"https:\/\/intar.ee\/sv\/wp-json\/wp\/v2\/media?parent=2334"}],"wp:term":[{"taxonomy":"product_brand","embeddable":true,"href":"https:\/\/intar.ee\/sv\/wp-json\/wp\/v2\/product_brand?post=2334"},{"taxonomy":"product_cat","embeddable":true,"href":"https:\/\/intar.ee\/sv\/wp-json\/wp\/v2\/product_cat?post=2334"},{"taxonomy":"product_tag","embeddable":true,"href":"https:\/\/intar.ee\/sv\/wp-json\/wp\/v2\/product_tag?post=2334"}],"curies":[{"name":"wp","href":"https:\/\/api.w.org\/{rel}","templated":true}]}}