{"id":2127,"date":"2020-11-29T20:52:57","date_gmt":"2020-11-29T20:52:57","guid":{"rendered":"https:\/\/intar.ee\/pood\/hallare-for-sprayburkar-4-platser\/"},"modified":"2020-11-29T20:52:57","modified_gmt":"2020-11-29T20:52:57","slug":"hallare-for-sprayburkar-4-platser","status":"publish","type":"product","link":"https:\/\/intar.ee\/sv\/shop\/hallare-for-sprayburkar-4-platser\/","title":{"rendered":"H\u00e5llare f\u00f6r sprayburkar, 4 platser"},"content":{"rendered":"<h2>INTAR H\u00e5llare f\u00f6r sprayburkar<\/h2>\n<p>H\u00e5llare f\u00f6r sprayburkar med 3 platser.<\/p>\n<p><strong>Designad och tillverkad I ESTLAND.<\/strong><\/p>\n","protected":false},"excerpt":{"rendered":"<p>H\u00e5llare f\u00f6r sprayburkar med 4 platser.<\/p>\n<p>L\u00e4mplig f\u00f6r de flesta sprayburkar och -flaskor.<\/p>\n<p><strong>Designad och tillverkad I ESTLAND.<\/strong><\/p>\n","protected":false},"featured_media":2852,"template":"","meta":[],"product_brand":[],"product_cat":[162,148],"product_tag":[165],"class_list":{"0":"post-2127","1":"product","2":"type-product","3":"status-publish","4":"has-post-thumbnail","6":"product_cat-hallare","7":"product_cat-spray-holder-sv","8":"product_tag-spay-holder-sv","10":"first","11":"instock","12":"shipping-taxable","13":"purchasable","14":"product-type-simple"},"_links":{"self":[{"href":"https:\/\/intar.ee\/sv\/wp-json\/wp\/v2\/product\/2127","targetHints":{"allow":["GET"]}}],"collection":[{"href":"https:\/\/intar.ee\/sv\/wp-json\/wp\/v2\/product"}],"about":[{"href":"https:\/\/intar.ee\/sv\/wp-json\/wp\/v2\/types\/product"}],"wp:featuredmedia":[{"embeddable":true,"href":"https:\/\/intar.ee\/sv\/wp-json\/wp\/v2\/media\/2852"}],"wp:attachment":[{"href":"https:\/\/intar.ee\/sv\/wp-json\/wp\/v2\/media?parent=2127"}],"wp:term":[{"taxonomy":"product_brand","embeddable":true,"href":"https:\/\/intar.ee\/sv\/wp-json\/wp\/v2\/product_brand?post=2127"},{"taxonomy":"product_cat","embeddable":true,"href":"https:\/\/intar.ee\/sv\/wp-json\/wp\/v2\/product_cat?post=2127"},{"taxonomy":"product_tag","embeddable":true,"href":"https:\/\/intar.ee\/sv\/wp-json\/wp\/v2\/product_tag?post=2127"}],"curies":[{"name":"wp","href":"https:\/\/api.w.org\/{rel}","templated":true}]}}