{"id":2126,"date":"2020-11-29T21:11:49","date_gmt":"2020-11-29T21:11:49","guid":{"rendered":"https:\/\/intar.ee\/pood\/hjalmhallare\/"},"modified":"2022-03-01T00:14:48","modified_gmt":"2022-03-01T00:14:48","slug":"hjalmhallare","status":"publish","type":"product","link":"https:\/\/intar.ee\/sv\/shop\/hjalmhallare\/","title":{"rendered":"Hj\u00e4lmh\u00e5llare"},"content":{"rendered":"<h2>INTAR hj\u00e4lmh\u00e5llare<\/h2>\n<p><strong>Designad och tillverkad I ESTLAND.<\/strong><\/p>\n<p>Framst\u00e4lld av h\u00e5llfast metall, pulverlackerad.<\/p>\n<p>Produktm\u00e5tt: <strong>275x290x205mm<\/strong>, vikt <strong>2,2kg<\/strong>.<\/p>\n<p>Monteringsanvisningen och monteringsdetaljerna medf\u00f6ljer i f\u00f6rpackningen.<\/p>\n","protected":false},"excerpt":{"rendered":"<p>Hj\u00e4lmh\u00e5llare.<\/p>\n<p>L\u00e4mplig f\u00f6r motorcykel- och rallyhj\u00e4lmar. \u00c4ven f\u00f6r svetshj\u00e4lmar, bygghj\u00e4lmar eller varf\u00f6r inte kepsar.<\/p>\n<p>H\u00e5llaren har ett fack f\u00f6r handskar eller m\u00f6ssan som anv\u00e4nds under hj\u00e4lmen och 2 kl\u00e4dkrokar.<\/p>\n","protected":false},"featured_media":2845,"template":"","meta":[],"product_brand":[],"product_cat":[162,154],"product_tag":[174],"class_list":{"0":"post-2126","1":"product","2":"type-product","3":"status-publish","4":"has-post-thumbnail","6":"product_cat-hallare","7":"product_cat-helmet-holder-sv","8":"product_tag-helmet-sv","10":"first","11":"instock","12":"taxable","13":"shipping-taxable","14":"purchasable","15":"product-type-simple"},"_links":{"self":[{"href":"https:\/\/intar.ee\/sv\/wp-json\/wp\/v2\/product\/2126","targetHints":{"allow":["GET"]}}],"collection":[{"href":"https:\/\/intar.ee\/sv\/wp-json\/wp\/v2\/product"}],"about":[{"href":"https:\/\/intar.ee\/sv\/wp-json\/wp\/v2\/types\/product"}],"wp:featuredmedia":[{"embeddable":true,"href":"https:\/\/intar.ee\/sv\/wp-json\/wp\/v2\/media\/2845"}],"wp:attachment":[{"href":"https:\/\/intar.ee\/sv\/wp-json\/wp\/v2\/media?parent=2126"}],"wp:term":[{"taxonomy":"product_brand","embeddable":true,"href":"https:\/\/intar.ee\/sv\/wp-json\/wp\/v2\/product_brand?post=2126"},{"taxonomy":"product_cat","embeddable":true,"href":"https:\/\/intar.ee\/sv\/wp-json\/wp\/v2\/product_cat?post=2126"},{"taxonomy":"product_tag","embeddable":true,"href":"https:\/\/intar.ee\/sv\/wp-json\/wp\/v2\/product_tag?post=2126"}],"curies":[{"name":"wp","href":"https:\/\/api.w.org\/{rel}","templated":true}]}}