{"id":2125,"date":"2020-11-29T21:20:47","date_gmt":"2020-11-29T21:20:47","guid":{"rendered":"https:\/\/intar.ee\/pood\/vinkelsliphallare\/"},"modified":"2024-02-19T00:41:54","modified_gmt":"2024-02-19T00:41:54","slug":"vinkelsliphallare","status":"publish","type":"product","link":"https:\/\/intar.ee\/sv\/shop\/vinkelsliphallare\/","title":{"rendered":"Vinkelsliph\u00e5llare"},"content":{"rendered":"<h2>INTAR vinkelsliph\u00e5llare<\/h2>\n<p>Rej\u00e4l, h\u00f6gkvalitativ vinkelsliph\u00e5llare.<\/p>\n<p>H\u00e5llaren har plats f\u00f6r nycklar, glas\u00f6gon, extraskivor osv.<\/p>\n<p>L\u00e4mplig f\u00f6r enheter med sladd och sladdl\u00f6sa enheter.<\/p>\n<p><strong>Designad och tillverkad I ESTLAND.<\/strong><\/p>\n<p>Framst\u00e4lld av h\u00e5llfast metall, pulverlackerad.<\/p>\n<p>Produktm\u00e5tt: <strong>80x200x355mm<\/strong>, vikt <strong>1,2kg<\/strong>.<\/p>\n<p>Monteringsanvisningen och monteringsdetaljerna medf\u00f6ljer i f\u00f6rpackningen.<\/p>\n<p>Kan levereras till en paketautomat eller h\u00e4mtas hos tillverkaren.<\/p>\n","protected":false},"excerpt":{"rendered":"<p>Rej\u00e4l, h\u00f6gkvalitativ vinkelsliph\u00e5llare.<\/p>\n<p>L\u00e4mplig f\u00f6r enheter med sladd och sladdl\u00f6sa enheter.<\/p>\n<p>H\u00e5llaren har plats f\u00f6r nycklar, glas\u00f6gon, extraskivor osv.<\/p>\n","protected":false},"featured_media":2836,"template":"","meta":[],"product_brand":[],"product_cat":[162,140],"product_tag":[],"class_list":{"0":"post-2125","1":"product","2":"type-product","3":"status-publish","4":"has-post-thumbnail","6":"product_cat-hallare","7":"product_cat-angle-grinder-holder-sv-2","9":"first","10":"outofstock","11":"shipping-taxable","12":"purchasable","13":"product-type-simple"},"_links":{"self":[{"href":"https:\/\/intar.ee\/sv\/wp-json\/wp\/v2\/product\/2125","targetHints":{"allow":["GET"]}}],"collection":[{"href":"https:\/\/intar.ee\/sv\/wp-json\/wp\/v2\/product"}],"about":[{"href":"https:\/\/intar.ee\/sv\/wp-json\/wp\/v2\/types\/product"}],"wp:featuredmedia":[{"embeddable":true,"href":"https:\/\/intar.ee\/sv\/wp-json\/wp\/v2\/media\/2836"}],"wp:attachment":[{"href":"https:\/\/intar.ee\/sv\/wp-json\/wp\/v2\/media?parent=2125"}],"wp:term":[{"taxonomy":"product_brand","embeddable":true,"href":"https:\/\/intar.ee\/sv\/wp-json\/wp\/v2\/product_brand?post=2125"},{"taxonomy":"product_cat","embeddable":true,"href":"https:\/\/intar.ee\/sv\/wp-json\/wp\/v2\/product_cat?post=2125"},{"taxonomy":"product_tag","embeddable":true,"href":"https:\/\/intar.ee\/sv\/wp-json\/wp\/v2\/product_tag?post=2125"}],"curies":[{"name":"wp","href":"https:\/\/api.w.org\/{rel}","templated":true}]}}