{"id":2121,"date":"2020-12-14T09:38:40","date_gmt":"2020-12-14T09:38:40","guid":{"rendered":"https:\/\/intar.ee\/pood\/skruvmejselhallare-v2\/"},"modified":"2020-12-14T09:38:40","modified_gmt":"2020-12-14T09:38:40","slug":"skruvmejselhallare-v2","status":"publish","type":"product","link":"https:\/\/intar.ee\/sv\/shop\/skruvmejselhallare-v2\/","title":{"rendered":"Skruvmejselh\u00e5llare V2"},"content":{"rendered":"<p><span lang=\"SV\">Intar skruvmejselh\u00e5llare V2<\/span><\/p>\n<p><span lang=\"SV\">Skruvmejselh\u00e5llare.<\/span><\/p>\n<p><strong><span lang=\"SV\">Designad och tillverkad I ESTLAND.<\/span><\/strong><\/p>\n<p><span lang=\"SV\">Framst\u00e4lld av h\u00e5llfast st\u00e5l, pulverlackerad.<\/span><\/p>\n<p><span lang=\"SV\">Monteringsanvisningen och monteringsdetaljerna medf\u00f6ljer i f\u00f6rpackningen.<\/span><\/p>\n<p><span lang=\"SV\">Kan levereras till en paketautomat eller h\u00e4mtas hos tillverkaren<a name=\"__UnoMark__133377_2308498799\"><\/a><a name=\"__UnoMark__133371_2308498799\"><\/a><a name=\"__UnoMark__133368_2308498799\"><\/a>.<\/span><\/p>\n","protected":false},"excerpt":{"rendered":"<p><strong>Intar skruvmejselh\u00e5llare.<\/strong><\/p>\n<p>L\u00e4mplig f\u00f6r de flesta skruvmejslar.<\/p>\n<p><strong>Produktm\u00e5tt: 62x112x205mm.<\/strong><\/p>\n<p>&nbsp;<\/p>\n<p><strong>Designad och tillverkad I ESTLAND.<\/strong><\/p>\n","protected":false},"featured_media":2848,"template":"","meta":[],"product_brand":[],"product_cat":[162,156],"product_tag":[],"class_list":{"0":"post-2121","1":"product","2":"type-product","3":"status-publish","4":"has-post-thumbnail","6":"product_cat-hallare","7":"product_cat-screwdriver-holder-sv","9":"first","10":"instock","11":"taxable","12":"shipping-taxable","13":"purchasable","14":"product-type-simple"},"_links":{"self":[{"href":"https:\/\/intar.ee\/sv\/wp-json\/wp\/v2\/product\/2121","targetHints":{"allow":["GET"]}}],"collection":[{"href":"https:\/\/intar.ee\/sv\/wp-json\/wp\/v2\/product"}],"about":[{"href":"https:\/\/intar.ee\/sv\/wp-json\/wp\/v2\/types\/product"}],"wp:featuredmedia":[{"embeddable":true,"href":"https:\/\/intar.ee\/sv\/wp-json\/wp\/v2\/media\/2848"}],"wp:attachment":[{"href":"https:\/\/intar.ee\/sv\/wp-json\/wp\/v2\/media?parent=2121"}],"wp:term":[{"taxonomy":"product_brand","embeddable":true,"href":"https:\/\/intar.ee\/sv\/wp-json\/wp\/v2\/product_brand?post=2121"},{"taxonomy":"product_cat","embeddable":true,"href":"https:\/\/intar.ee\/sv\/wp-json\/wp\/v2\/product_cat?post=2121"},{"taxonomy":"product_tag","embeddable":true,"href":"https:\/\/intar.ee\/sv\/wp-json\/wp\/v2\/product_tag?post=2121"}],"curies":[{"name":"wp","href":"https:\/\/api.w.org\/{rel}","templated":true}]}}