{"id":2144,"date":"2021-03-11T14:31:08","date_gmt":"2021-03-11T14:31:08","guid":{"rendered":"https:\/\/intar.ee\/butiken\/integritetspolicy\/"},"modified":"2022-02-15T13:10:10","modified_gmt":"2022-02-15T13:10:10","slug":"integritetspolicy","status":"publish","type":"page","link":"https:\/\/intar.ee\/sv\/butiken\/integritetspolicy\/","title":{"rendered":"Integritetspolicy"},"content":{"rendered":"\t\t<div data-elementor-type=\"wp-page\" data-elementor-id=\"2144\" class=\"elementor elementor-2144 elementor-1541\" data-elementor-post-type=\"page\">\n\t\t\t\t\t\t<section class=\"ob-is-breaking-bad has_ae_slider elementor-section elementor-top-section elementor-element elementor-element-d561f17 elementor-section-boxed elementor-section-height-default elementor-section-height-default ae-bg-gallery-type-default\" data-id=\"d561f17\" data-element_type=\"section\" data-e-type=\"section\" data-settings=\"{&quot;background_background&quot;:&quot;classic&quot;,&quot;shape_divider_top&quot;:&quot;opacity-tilt&quot;,&quot;shape_divider_bottom&quot;:&quot;wave-brush&quot;,&quot;jet_parallax_layout_list&quot;:[{&quot;jet_parallax_layout_image&quot;:{&quot;url&quot;:&quot;&quot;,&quot;id&quot;:&quot;&quot;,&quot;size&quot;:&quot;&quot;},&quot;_id&quot;:&quot;99633be&quot;,&quot;jet_parallax_layout_image_tablet&quot;:{&quot;url&quot;:&quot;&quot;,&quot;id&quot;:&quot;&quot;,&quot;size&quot;:&quot;&quot;},&quot;jet_parallax_layout_image_mobile&quot;:{&quot;url&quot;:&quot;&quot;,&quot;id&quot;:&quot;&quot;,&quot;size&quot;:&quot;&quot;},&quot;jet_parallax_layout_speed&quot;:{&quot;unit&quot;:&quot;%&quot;,&quot;size&quot;:50,&quot;sizes&quot;:[]},&quot;jet_parallax_layout_type&quot;:&quot;scroll&quot;,&quot;jet_parallax_layout_direction&quot;:&quot;1&quot;,&quot;jet_parallax_layout_fx_direction&quot;:null,&quot;jet_parallax_layout_z_index&quot;:&quot;&quot;,&quot;jet_parallax_layout_bg_x&quot;:50,&quot;jet_parallax_layout_bg_x_tablet&quot;:&quot;&quot;,&quot;jet_parallax_layout_bg_x_mobile&quot;:&quot;&quot;,&quot;jet_parallax_layout_bg_y&quot;:50,&quot;jet_parallax_layout_bg_y_tablet&quot;:&quot;&quot;,&quot;jet_parallax_layout_bg_y_mobile&quot;:&quot;&quot;,&quot;jet_parallax_layout_bg_size&quot;:&quot;auto&quot;,&quot;jet_parallax_layout_bg_size_tablet&quot;:&quot;&quot;,&quot;jet_parallax_layout_bg_size_mobile&quot;:&quot;&quot;,&quot;jet_parallax_layout_animation_prop&quot;:&quot;transform&quot;,&quot;jet_parallax_layout_on&quot;:[&quot;desktop&quot;,&quot;tablet&quot;]}],&quot;_ob_bbad_use_it&quot;:&quot;yes&quot;,&quot;_ob_bbad_sssic_use&quot;:&quot;no&quot;,&quot;_ob_glider_is_slider&quot;:&quot;no&quot;}\">\n\t\t\t\t\t\t\t<div class=\"elementor-background-overlay\"><\/div>\n\t\t\t\t\t\t<div class=\"elementor-shape elementor-shape-top\" aria-hidden=\"true\" data-negative=\"false\">\n\t\t\t<svg xmlns=\"http:\/\/www.w3.org\/2000\/svg\" viewBox=\"0 0 2600 131.1\" preserveAspectRatio=\"none\">\n\t<path class=\"elementor-shape-fill\" d=\"M0 0L2600 0 2600 69.1 0 0z\"\/>\n\t<path class=\"elementor-shape-fill\" style=\"opacity:0.5\" d=\"M0 0L2600 0 2600 69.1 0 69.1z\"\/>\n\t<path class=\"elementor-shape-fill\" style=\"opacity:0.25\" d=\"M2600 0L0 0 0 130.1 2600 69.1z\"\/>\n<\/svg>\t\t<\/div>\n\t\t\t\t<div class=\"elementor-shape elementor-shape-bottom\" aria-hidden=\"true\" data-negative=\"false\">\n\t\t\t<svg xmlns=\"http:\/\/www.w3.org\/2000\/svg\" viewBox=\"0 0 283.5 27.8\" preserveAspectRatio=\"none\">\n\t<path class=\"elementor-shape-fill\" d=\"M283.5,9.7c0,0-7.3,4.3-14,4.6c-6.8,0.3-12.6,0-20.9-1.5c-11.3-2-33.1-10.1-44.7-5.7\ts-12.1,4.6-18,7.4c-6.6,3.2-20,9.6-36.6,9.3C131.6,23.5,99.5,7.2,86.3,8c-1.4,0.1-6.6,0.8-10.5,2c-3.8,1.2-9.4,3.8-17,4.7\tc-3.2,0.4-8.3,1.1-14.2,0.9c-1.5-0.1-6.3-0.4-12-1.6c-5.7-1.2-11-3.1-15.8-3.7C6.5,9.2,0,10.8,0,10.8V0h283.5V9.7z M260.8,11.3\tc-0.7-1-2-0.4-4.3-0.4c-2.3,0-6.1-1.2-5.8-1.1c0.3,0.1,3.1,1.5,6,1.9C259.7,12.2,261.4,12.3,260.8,11.3z M242.4,8.6\tc0,0-2.4-0.2-5.6-0.9c-3.2-0.8-10.3-2.8-15.1-3.5c-8.2-1.1-15.8,0-15.1,0.1c0.8,0.1,9.6-0.6,17.6,1.1c3.3,0.7,9.3,2.2,12.4,2.7\tC239.9,8.7,242.4,8.6,242.4,8.6z M185.2,8.5c1.7-0.7-13.3,4.7-18.5,6.1c-2.1,0.6-6.2,1.6-10,2c-3.9,0.4-8.9,0.4-8.8,0.5\tc0,0.2,5.8,0.8,11.2,0c5.4-0.8,5.2-1.1,7.6-1.6C170.5,14.7,183.5,9.2,185.2,8.5z M199.1,6.9c0.2,0-0.8-0.4-4.8,1.1\tc-4,1.5-6.7,3.5-6.9,3.7c-0.2,0.1,3.5-1.8,6.6-3C197,7.5,199,6.9,199.1,6.9z M283,6c-0.1,0.1-1.9,1.1-4.8,2.5s-6.9,2.8-6.7,2.7\tc0.2,0,3.5-0.6,7.4-2.5C282.8,6.8,283.1,5.9,283,6z M31.3,11.6c0.1-0.2-1.9-0.2-4.5-1.2s-5.4-1.6-7.8-2C15,7.6,7.3,8.5,7.7,8.6\tC8,8.7,15.9,8.3,20.2,9.3c2.2,0.5,2.4,0.5,5.7,1.6S31.2,11.9,31.3,11.6z M73,9.2c0.4-0.1,3.5-1.6,8.4-2.6c4.9-1.1,8.9-0.5,8.9-0.8\tc0-0.3-1-0.9-6.2-0.3S72.6,9.3,73,9.2z M71.6,6.7C71.8,6.8,75,5.4,77.3,5c2.3-0.3,1.9-0.5,1.9-0.6c0-0.1-1.1-0.2-2.7,0.2\tC74.8,5.1,71.4,6.6,71.6,6.7z M93.6,4.4c0.1,0.2,3.5,0.8,5.6,1.8c2.1,1,1.8,0.6,1.9,0.5c0.1-0.1-0.8-0.8-2.4-1.3\tC97.1,4.8,93.5,4.2,93.6,4.4z M65.4,11.1c-0.1,0.3,0.3,0.5,1.9-0.2s2.6-1.3,2.2-1.2s-0.9,0.4-2.5,0.8C65.3,10.9,65.5,10.8,65.4,11.1\tz M34.5,12.4c-0.2,0,2.1,0.8,3.3,0.9c1.2,0.1,2,0.1,2-0.2c0-0.3-0.1-0.5-1.6-0.4C36.6,12.8,34.7,12.4,34.5,12.4z M152.2,21.1\tc-0.1,0.1-2.4-0.3-7.5-0.3c-5,0-13.6-2.4-17.2-3.5c-3.6-1.1,10,3.9,16.5,4.1C150.5,21.6,152.3,21,152.2,21.1z\"\/>\n\t<path class=\"elementor-shape-fill\" d=\"M269.6,18c-0.1-0.1-4.6,0.3-7.2,0c-7.3-0.7-17-3.2-16.6-2.9c0.4,0.3,13.7,3.1,17,3.3\tC267.7,18.8,269.7,18,269.6,18z\"\/>\n\t<path class=\"elementor-shape-fill\" d=\"M227.4,9.8c-0.2-0.1-4.5-1-9.5-1.2c-5-0.2-12.7,0.6-12.3,0.5c0.3-0.1,5.9-1.8,13.3-1.2\tS227.6,9.9,227.4,9.8z\"\/>\n\t<path class=\"elementor-shape-fill\" d=\"M204.5,13.4c-0.1-0.1,2-1,3.2-1.1c1.2-0.1,2,0,2,0.3c0,0.3-0.1,0.5-1.6,0.4\tC206.4,12.9,204.6,13.5,204.5,13.4z\"\/>\n\t<path class=\"elementor-shape-fill\" d=\"M201,10.6c0-0.1-4.4,1.2-6.3,2.2c-1.9,0.9-6.2,3.1-6.1,3.1c0.1,0.1,4.2-1.6,6.3-2.6\tS201,10.7,201,10.6z\"\/>\n\t<path class=\"elementor-shape-fill\" d=\"M154.5,26.7c-0.1-0.1-4.6,0.3-7.2,0c-7.3-0.7-17-3.2-16.6-2.9c0.4,0.3,13.7,3.1,17,3.3\tC152.6,27.5,154.6,26.8,154.5,26.7z\"\/>\n\t<path class=\"elementor-shape-fill\" d=\"M41.9,19.3c0,0,1.2-0.3,2.9-0.1c1.7,0.2,5.8,0.9,8.2,0.7c4.2-0.4,7.4-2.7,7-2.6\tc-0.4,0-4.3,2.2-8.6,1.9c-1.8-0.1-5.1-0.5-6.7-0.4S41.9,19.3,41.9,19.3z\"\/>\n\t<path class=\"elementor-shape-fill\" d=\"M75.5,12.6c0.2,0.1,2-0.8,4.3-1.1c2.3-0.2,2.1-0.3,2.1-0.5c0-0.1-1.8-0.4-3.4,0\tC76.9,11.5,75.3,12.5,75.5,12.6z\"\/>\n\t<path class=\"elementor-shape-fill\" d=\"M15.6,13.2c0-0.1,4.3,0,6.7,0.5c2.4,0.5,5,1.9,5,2c0,0.1-2.7-0.8-5.1-1.4\tC19.9,13.7,15.7,13.3,15.6,13.2z\"\/>\n<\/svg>\t\t<\/div>\n\t\t\t\t\t<div class=\"elementor-container elementor-column-gap-default\">\n\t\t\t\t\t<div class=\"has_ae_slider elementor-column elementor-col-100 elementor-top-column elementor-element elementor-element-7ae5f2e ae-bg-gallery-type-default\" data-id=\"7ae5f2e\" data-element_type=\"column\" data-e-type=\"column\" data-settings=\"{&quot;_ob_bbad_is_stalker&quot;:&quot;no&quot;,&quot;_ob_teleporter_use&quot;:false,&quot;_ob_column_hoveranimator&quot;:&quot;no&quot;,&quot;_ob_column_has_pseudo&quot;:&quot;no&quot;}\">\n\t\t\t<div class=\"elementor-widget-wrap elementor-element-populated\">\n\t\t\t\t\t\t\t<\/div>\n\t\t<\/div>\n\t\t\t\t\t<\/div>\n\t\t<\/section>\n\t\t\t\t<section class=\"ob-is-breaking-bad has_ae_slider elementor-section elementor-top-section elementor-element elementor-element-04efc3f elementor-section-full_width elementor-section-height-default elementor-section-height-default ae-bg-gallery-type-default\" data-id=\"04efc3f\" data-element_type=\"section\" data-e-type=\"section\" data-settings=\"{&quot;jet_parallax_layout_list&quot;:[{&quot;_id&quot;:&quot;b244b7c&quot;,&quot;jet_parallax_layout_image&quot;:{&quot;url&quot;:&quot;&quot;,&quot;id&quot;:&quot;&quot;,&quot;size&quot;:&quot;&quot;},&quot;jet_parallax_layout_image_tablet&quot;:{&quot;url&quot;:&quot;&quot;,&quot;id&quot;:&quot;&quot;,&quot;size&quot;:&quot;&quot;},&quot;jet_parallax_layout_image_mobile&quot;:{&quot;url&quot;:&quot;&quot;,&quot;id&quot;:&quot;&quot;,&quot;size&quot;:&quot;&quot;},&quot;jet_parallax_layout_speed&quot;:{&quot;unit&quot;:&quot;%&quot;,&quot;size&quot;:50,&quot;sizes&quot;:[]},&quot;jet_parallax_layout_type&quot;:&quot;scroll&quot;,&quot;jet_parallax_layout_direction&quot;:&quot;1&quot;,&quot;jet_parallax_layout_fx_direction&quot;:null,&quot;jet_parallax_layout_z_index&quot;:&quot;&quot;,&quot;jet_parallax_layout_bg_x&quot;:50,&quot;jet_parallax_layout_bg_x_tablet&quot;:&quot;&quot;,&quot;jet_parallax_layout_bg_x_mobile&quot;:&quot;&quot;,&quot;jet_parallax_layout_bg_y&quot;:50,&quot;jet_parallax_layout_bg_y_tablet&quot;:&quot;&quot;,&quot;jet_parallax_layout_bg_y_mobile&quot;:&quot;&quot;,&quot;jet_parallax_layout_bg_size&quot;:&quot;auto&quot;,&quot;jet_parallax_layout_bg_size_tablet&quot;:&quot;&quot;,&quot;jet_parallax_layout_bg_size_mobile&quot;:&quot;&quot;,&quot;jet_parallax_layout_animation_prop&quot;:&quot;transform&quot;,&quot;jet_parallax_layout_on&quot;:[&quot;desktop&quot;,&quot;tablet&quot;]}],&quot;background_background&quot;:&quot;classic&quot;,&quot;_ob_bbad_use_it&quot;:&quot;yes&quot;,&quot;_ob_bbad_sssic_use&quot;:&quot;no&quot;,&quot;_ob_glider_is_slider&quot;:&quot;no&quot;}\">\n\t\t\t\t\t\t<div class=\"elementor-container elementor-column-gap-no\">\n\t\t\t\t\t<div class=\"has_ae_slider elementor-column elementor-col-100 elementor-top-column elementor-element elementor-element-60e4f56 ae-bg-gallery-type-default\" data-id=\"60e4f56\" data-element_type=\"column\" data-e-type=\"column\" data-settings=\"{&quot;_ob_bbad_is_stalker&quot;:&quot;no&quot;,&quot;_ob_teleporter_use&quot;:false,&quot;_ob_column_hoveranimator&quot;:&quot;no&quot;,&quot;_ob_column_has_pseudo&quot;:&quot;no&quot;}\">\n\t\t\t<div class=\"elementor-widget-wrap elementor-element-populated\">\n\t\t\t\t\t\t\t<\/div>\n\t\t<\/div>\n\t\t\t\t\t<\/div>\n\t\t<\/section>\n\t\t\t\t<section class=\"ob-is-breaking-bad has_ae_slider elementor-section elementor-top-section elementor-element elementor-element-1a3d03b elementor-section-boxed elementor-section-height-default elementor-section-height-default ae-bg-gallery-type-default\" data-id=\"1a3d03b\" data-element_type=\"section\" data-e-type=\"section\" data-settings=\"{&quot;jet_parallax_layout_list&quot;:[{&quot;jet_parallax_layout_image&quot;:{&quot;url&quot;:&quot;&quot;,&quot;id&quot;:&quot;&quot;,&quot;size&quot;:&quot;&quot;},&quot;_id&quot;:&quot;d3306f2&quot;,&quot;jet_parallax_layout_image_tablet&quot;:{&quot;url&quot;:&quot;&quot;,&quot;id&quot;:&quot;&quot;,&quot;size&quot;:&quot;&quot;},&quot;jet_parallax_layout_image_mobile&quot;:{&quot;url&quot;:&quot;&quot;,&quot;id&quot;:&quot;&quot;,&quot;size&quot;:&quot;&quot;},&quot;jet_parallax_layout_speed&quot;:{&quot;unit&quot;:&quot;%&quot;,&quot;size&quot;:50,&quot;sizes&quot;:[]},&quot;jet_parallax_layout_type&quot;:&quot;scroll&quot;,&quot;jet_parallax_layout_direction&quot;:&quot;1&quot;,&quot;jet_parallax_layout_fx_direction&quot;:null,&quot;jet_parallax_layout_z_index&quot;:&quot;&quot;,&quot;jet_parallax_layout_bg_x&quot;:50,&quot;jet_parallax_layout_bg_x_tablet&quot;:&quot;&quot;,&quot;jet_parallax_layout_bg_x_mobile&quot;:&quot;&quot;,&quot;jet_parallax_layout_bg_y&quot;:50,&quot;jet_parallax_layout_bg_y_tablet&quot;:&quot;&quot;,&quot;jet_parallax_layout_bg_y_mobile&quot;:&quot;&quot;,&quot;jet_parallax_layout_bg_size&quot;:&quot;auto&quot;,&quot;jet_parallax_layout_bg_size_tablet&quot;:&quot;&quot;,&quot;jet_parallax_layout_bg_size_mobile&quot;:&quot;&quot;,&quot;jet_parallax_layout_animation_prop&quot;:&quot;transform&quot;,&quot;jet_parallax_layout_on&quot;:[&quot;desktop&quot;,&quot;tablet&quot;]}],&quot;background_background&quot;:&quot;classic&quot;,&quot;_ob_bbad_use_it&quot;:&quot;yes&quot;,&quot;_ob_bbad_sssic_use&quot;:&quot;no&quot;,&quot;_ob_glider_is_slider&quot;:&quot;no&quot;}\">\n\t\t\t\t\t\t<div class=\"elementor-container elementor-column-gap-default\">\n\t\t\t\t\t<div class=\"has_ae_slider elementor-column elementor-col-100 elementor-top-column elementor-element elementor-element-62313fa ae-bg-gallery-type-default\" data-id=\"62313fa\" data-element_type=\"column\" data-e-type=\"column\" data-settings=\"{&quot;background_background&quot;:&quot;classic&quot;,&quot;_ob_bbad_is_stalker&quot;:&quot;no&quot;,&quot;_ob_teleporter_use&quot;:false,&quot;_ob_column_hoveranimator&quot;:&quot;no&quot;,&quot;_ob_column_has_pseudo&quot;:&quot;no&quot;}\">\n\t\t\t<div class=\"elementor-widget-wrap elementor-element-populated\">\n\t\t\t\t\t\t<div class=\"elementor-element elementor-element-1724ced ob-harakiri-inherit ob-has-background-overlay elementor-widget elementor-widget-text-editor\" data-id=\"1724ced\" data-element_type=\"widget\" data-e-type=\"widget\" data-settings=\"{&quot;_ob_use_harakiri&quot;:&quot;yes&quot;,&quot;_ob_harakiri_writing_mode&quot;:&quot;inherit&quot;,&quot;_ob_postman_use&quot;:&quot;no&quot;,&quot;_ob_perspektive_use&quot;:&quot;no&quot;,&quot;_ob_poopart_use&quot;:&quot;yes&quot;,&quot;_ob_shadough_use&quot;:&quot;no&quot;,&quot;_ob_allow_hoveranimator&quot;:&quot;no&quot;,&quot;_ob_widget_stalker_use&quot;:&quot;no&quot;}\" data-widget_type=\"text-editor.default\">\n\t\t\t\t<div class=\"elementor-widget-container\">\n\t\t\t\t\t\t\t\t\t<ol>\n<li>\n<h3><strong> Allm\u00e4nna best\u00e4mmelser<\/strong><\/h3>\n<\/li>\n<\/ol>\n<p>1.1. Denna integritetspolicy reglerar principerna f\u00f6r insamling, behandling och lagring av personuppgifter. Personuppgifter samlas in, behandlas och lagras av den personuppgiftsansvarige JAM Solutions O\u00dc (nedan kallat personuppgiftsbehandlaren).<\/p>\n<p>1.2. Den registrerade i den mening som avses i integritetspolicyn \u00e4r en kund eller annan fysisk person vars personuppgifter behandlas av personuppgiftsbehandlaren.<\/p>\n<p>1.3. En kund i den mening som avses i integritetspolicyn \u00e4r varje person som k\u00f6per varor eller tj\u00e4nster fr\u00e5n personuppgiftsbehandlarens webbplats.<\/p>\n<p>1.4. Personuppgiftsbehandlaren f\u00f6ljer de lagstadgade principerna f\u00f6r personuppgiftsbehandling, bland annat behandlar personuppgifter i enlighet med lagstiftningen och p\u00e5 ett r\u00e4ttvist och s\u00e4kert s\u00e4tt. Personuppgiftsbehandlaren kan bekr\u00e4fta att personuppgifter har behandlats i enlighet med till\u00e4mplig lagstiftning.<\/p>\n<ol start=\"2\">\n<li>\n<h3><strong> Insamling, behandling och lagring av personuppgifter<\/strong><\/h3>\n<\/li>\n<\/ol>\n<p>2.1. Personuppgiftsbehandlaren samlar in, behandlar och lagrar personuppgifter som har samlats in elektroniskt, fr\u00e4mst via webbplatsen och per e-post.<\/p>\n<p>2.2. I och med att dela sina personuppgifter ger den registrerade personuppgiftsbehandlaren r\u00e4tt att samla in, organisera, anv\u00e4nda och administrera de personuppgifter som den registrerade vid k\u00f6p av varor eller tj\u00e4nster p\u00e5 webbplatsen direkt eller indirekt l\u00e4mnar in till personuppgiftsbehandlaren i de syften som anges i integritetspolicyn.<\/p>\n<p>2.3. Den registrerade ansvarar f\u00f6r att de av honom\/henne angivna personuppgifterna \u00e4r exakta, korrekta och kompletta. Medvetet inl\u00e4mnande av felaktiga uppgifter betraktas som brott mot integritetspolicyn. Den registrerade \u00e4r skyldig att omedelbart underr\u00e4tta personuppgiftsbehandlaren om eventuell f\u00f6r\u00e4ndring av de inl\u00e4mnade uppgifterna.<\/p>\n<p>2.4. Personuppgiftsbehandlaren \u00e5tar sig inget ansvar f\u00f6r skada som v\u00e5llats den registrerade eller n\u00e5gon tredje part till f\u00f6ljd av felaktiga uppgifter inl\u00e4mnade av den registrerade.<\/p>\n<ol start=\"3\">\n<li>\n<h3><strong> Behandling av kunders personuppgifter<\/strong><\/h3>\n<\/li>\n<\/ol>\n<p>3.1. Personuppgiftsbehandlaren kan behandla f\u00f6ljande personuppgifter av den registrerade:<\/p>\n<p>3.1.1. F\u00f6r- och efternamn;<\/p>\n<p>3.1.2. Telefonnummer;<\/p>\n<p>3.1.3. E-postadress;<\/p>\n<p>3.1.4. Leveransadress;<\/p>\n<p>3.1.5. Betalkortsuppgifter;<\/p>\n<p>3.2. F\u00f6rutom det ovan angivna har personuppgiftsbehandlaren r\u00e4tt att samla in uppgifter om kunden som finns tillg\u00e4ngliga i offentliga register.<\/p>\n<p>3.3. Den r\u00e4ttsliga grunden f\u00f6r behandling av personuppgifter utg\u00f6rs av punkterna a), b), c) och f) i f\u00f6rsta avsnittet i artikel 6 i den allm\u00e4nna dataskyddsf\u00f6rordningen.<\/p>\n<ol>\n<li>a) den registrerade har l\u00e4mnat sitt samtycke till att dennes personuppgifter behandlas f\u00f6r ett eller flera specifika \u00e4ndam\u00e5l;<\/li>\n<\/ol>\n<p>3.4. Behandling av personuppgifter beroende p\u00e5 syftet med behandlingen:<\/p>\n<p>3.4.1. Syftet med behandling \u2013 s\u00e4kerhet och trygghet<br \/>\nMaximal period f\u00f6r lagring av personuppgifter \u2013 inom lagstadgade tidsfrister<\/p>\n<p>3.4.2. Syftet med behandling \u2013 orderbehandling<br \/>\nMaximal period f\u00f6r lagring av personuppgifter \u2013 3 m\u00e5nader<\/p>\n<p>3.4.3. Syftet med behandling \u2013 s\u00e4kerst\u00e4llande av funktion av webbutikens tj\u00e4nster<br \/>\nMaximal period f\u00f6r lagring av personuppgifter \u2013 3<strong>\u00a0<\/strong><strong>m\u00e5nader<\/strong><\/p>\n<p>3.4.4. Syftet med behandling \u2013 kundadministrering<br \/>\nMaximal period f\u00f6r lagring av personuppgifter \u2013 3\u00a0m\u00e5nader<\/p>\n<p>3.4.5. Syftet med behandling \u2013 finansiella aktiviteter, redovisning<br \/>\nMaximal period f\u00f6r lagring av personuppgifter \u2013 inom lagstadgade tidsfrister<\/p>\n<p>3.4.6. Syftet med behandling \u2013 marknadsf\u00f6ring<br \/>\nMaximal period f\u00f6r lagring av personuppgifter \u2013\u00a024 m\u00e5nader<\/p>\n<p>3.5. Personuppgiftsbehandlaren har r\u00e4tt att dela kunders personuppgifter med tredje parter s\u00e5som personuppgiftsbitr\u00e4den, redovisningsekonomer, transport- och kurirf\u00f6retag, leverant\u00f6rer av \u00f6verf\u00f6ringstj\u00e4nster. Personuppgiftsbehandlaren agerar som personuppgiftsansvarig. Personuppgiftsbehandlaren \u00f6verl\u00e4mnar n\u00f6dv\u00e4ndiga personuppgifter f\u00f6r utf\u00f6rande av betalningar till personuppgiftsbitr\u00e4det Maksekeskus AS.<\/p>\n<p>3.6. Vid behandling och lagring av den registrerades personuppgifter vidtar personuppgiftsbehandlaren organisatoriska och tekniska \u00e5tg\u00e4rder f\u00f6r att s\u00e4kra skydd av personuppgifterna mot oavsiktlig eller olovlig f\u00f6rst\u00f6ring, \u00e4ndring, offentligg\u00f6rande och annan lagstridig behandling.<\/p>\n<p>3.7. Personuppgiftsbehandlaren lagrar de registrerades personuppgifter beroende p\u00e5 syftet med behandling, dock h\u00f6gst i 5 \u00e5r.<\/p>\n<ol start=\"4\">\n<li>\n<h3><strong> Den registrerades r\u00e4ttigheter<\/strong><\/h3>\n<\/li>\n<\/ol>\n<p>4.1. Den registrerade har r\u00e4tt att f\u00e5 tillg\u00e5ng till och ta del av sina personuppgifter.<\/p>\n<p>4.2. Den registrerade har r\u00e4tt att f\u00e5 information om behandling av sina personuppgifter.<\/p>\n<p>4.3. Den registrerade har r\u00e4tt att komplettera eller r\u00e4tta till felaktiga personuppgifter.<\/p>\n<p>4.4. Om personuppgiftsbehandlaren behandlar den registrerades personuppgifter p\u00e5 basis av den registrerades samtycke har den registrerade r\u00e4tt att n\u00e4r som helst \u00e5terkalla sitt samtycke.<\/p>\n<p>4.5. Den registrerade kan v\u00e4nda sig till webbutikens kundst\u00f6d p\u00e5 adress <a href=\"mailto:order@intar.ee\">order@intar.ee<\/a> f\u00f6r ut\u00f6vande av sina r\u00e4ttigheter.<\/p>\n<p>4.6. Den registrerade kan l\u00e4mna in klagom\u00e5l hos den estniska dataskyddsinspektionen f\u00f6r skydd av sina r\u00e4ttigheter.<\/p>\n<ol start=\"5\">\n<li>\n<h3><strong> \u00d6vriga best\u00e4mmelser<\/strong><\/h3>\n<\/li>\n<\/ol>\n<p>5.1. Dessa integritetsvillkor \u00e4r utarbetade i \u00f6verensst\u00e4mmelse med Europaparlamentets och r\u00e5dets f\u00f6rordning (EU) 2016\/679 om skydd f\u00f6r fysiska personer med avseende p\u00e5 behandling av personuppgifter och om det fria fl\u00f6det av s\u00e5dana uppgifter och om upph\u00e4vande av direktiv 95\/46\/EG (allm\u00e4n dataskyddsf\u00f6rordning), den estniska lagen om personuppgiftsskydd och Republiken Estlands och Europeiska unionens lagstiftning.<\/p>\n<p>5.2. Personuppgiftsbehandlaren har r\u00e4tt att delvis eller helt \u00e4ndra integritetspolicyn genom att underr\u00e4tta de registrerade om \u00e4ndringar via webbplatsen www.intar.ee\/pood.<\/p>\n\t\t\t\t\t\t\t\t<\/div>\n\t\t\t\t<\/div>\n\t\t\t\t\t<\/div>\n\t\t<\/div>\n\t\t\t\t\t<\/div>\n\t\t<\/section>\n\t\t\t\t<\/div>\n\t\t","protected":false},"excerpt":{"rendered":"<p>Allm\u00e4nna best\u00e4mmelser 1.1. Denna integritetspolicy reglerar principerna f\u00f6r insamling, behandling och lagring av personuppgifter. Personuppgifter samlas in, behandlas och lagras av den personuppgiftsansvarige JAM Solutions O\u00dc (nedan kallat personuppgiftsbehandlaren). 1.2. Den registrerade i den mening som avses i integritetspolicyn \u00e4r en kund eller annan fysisk person vars personuppgifter behandlas av personuppgiftsbehandlaren. 1.3. En kund i [&hellip;]<\/p>\n","protected":false},"author":1,"featured_media":0,"parent":2136,"menu_order":0,"comment_status":"closed","ping_status":"closed","template":"elementor_header_footer","meta":{"footnotes":""},"class_list":["post-2144","page","type-page","status-publish","hentry"],"_links":{"self":[{"href":"https:\/\/intar.ee\/sv\/wp-json\/wp\/v2\/pages\/2144","targetHints":{"allow":["GET"]}}],"collection":[{"href":"https:\/\/intar.ee\/sv\/wp-json\/wp\/v2\/pages"}],"about":[{"href":"https:\/\/intar.ee\/sv\/wp-json\/wp\/v2\/types\/page"}],"author":[{"embeddable":true,"href":"https:\/\/intar.ee\/sv\/wp-json\/wp\/v2\/users\/1"}],"replies":[{"embeddable":true,"href":"https:\/\/intar.ee\/sv\/wp-json\/wp\/v2\/comments?post=2144"}],"version-history":[{"count":3,"href":"https:\/\/intar.ee\/sv\/wp-json\/wp\/v2\/pages\/2144\/revisions"}],"predecessor-version":[{"id":3155,"href":"https:\/\/intar.ee\/sv\/wp-json\/wp\/v2\/pages\/2144\/revisions\/3155"}],"up":[{"embeddable":true,"href":"https:\/\/intar.ee\/sv\/wp-json\/wp\/v2\/pages\/2136"}],"wp:attachment":[{"href":"https:\/\/intar.ee\/sv\/wp-json\/wp\/v2\/media?parent=2144"}],"curies":[{"name":"wp","href":"https:\/\/api.w.org\/{rel}","templated":true}]}}