{"id":5493,"date":"2025-02-17T08:57:57","date_gmt":"2025-02-17T08:57:57","guid":{"rendered":"https:\/\/intar.ee\/?post_type=product&#038;p=5493"},"modified":"2026-03-12T11:18:31","modified_gmt":"2026-03-12T11:18:31","slug":"tulekustuti-kate","status":"publish","type":"product","link":"https:\/\/intar.ee\/fi\/shop\/tulekustuti-kate\/","title":{"rendered":"Tulekustuti kate"},"content":{"rendered":"<h2>Fire Extinguisher Cover<\/h2>\n<p>Tulekustuti kate.<\/p>\n<p>Valmistatud kvaliteetsest taaskasutatud metallist ning pulberv\u00e4rvitud.<\/p>\n<p>Disainitud 6 kg tulekustuti jaoks.<\/p>\n<p>Pakendis paigaldusjuhend ja kinnitusvahendid.<\/p>\n<p>V\u00f5imalik saata kulleriga v\u00f5i osta tootmisest kohapealt.<\/p>\n","protected":false},"excerpt":{"rendered":"<p><strong>Tulekustuti kate 6kg tulekusti jaoks.<\/strong><\/p>\n<p>Kaitse oma tulekustutit stiilse ja vastupidava seinale kinnitatava kattega! Valmistatud kvaliteetsest taaskasutatud metallist, tagades vastupidavuse ja keskkonnas\u00f5bralikkuse. Nutikas disain v\u00f5imaldab kiiret ligip\u00e4\u00e4su h\u00e4daolukorras. Ei vaja eraldi kinnitust tulekustuti jaoks. Hea kink igale majaomanikule.<\/p>\n<p>Toote m\u00f5\u00f5dud: 240x240x650mm. Kaal: 6kg.<\/p>\n<p><strong>Disainitud ja toodetud EESTIS!<\/strong><\/p>\n","protected":false},"featured_media":5528,"template":"","meta":[],"product_brand":[],"product_cat":[84,293],"product_tag":[288],"class_list":{"0":"post-5493","1":"product","2":"type-product","3":"status-publish","4":"has-post-thumbnail","6":"product_cat-hoidjad","7":"product_cat-muud-tooted","8":"product_tag-tulekustuti","10":"first","11":"instock","12":"shipping-taxable","13":"purchasable","14":"product-type-variable"},"_links":{"self":[{"href":"https:\/\/intar.ee\/fi\/wp-json\/wp\/v2\/product\/5493","targetHints":{"allow":["GET"]}}],"collection":[{"href":"https:\/\/intar.ee\/fi\/wp-json\/wp\/v2\/product"}],"about":[{"href":"https:\/\/intar.ee\/fi\/wp-json\/wp\/v2\/types\/product"}],"wp:featuredmedia":[{"embeddable":true,"href":"https:\/\/intar.ee\/fi\/wp-json\/wp\/v2\/media\/5528"}],"wp:attachment":[{"href":"https:\/\/intar.ee\/fi\/wp-json\/wp\/v2\/media?parent=5493"}],"wp:term":[{"taxonomy":"product_brand","embeddable":true,"href":"https:\/\/intar.ee\/fi\/wp-json\/wp\/v2\/product_brand?post=5493"},{"taxonomy":"product_cat","embeddable":true,"href":"https:\/\/intar.ee\/fi\/wp-json\/wp\/v2\/product_cat?post=5493"},{"taxonomy":"product_tag","embeddable":true,"href":"https:\/\/intar.ee\/fi\/wp-json\/wp\/v2\/product_tag?post=5493"}],"curies":[{"name":"wp","href":"https:\/\/api.w.org\/{rel}","templated":true}]}}