{"id":5473,"date":"2024-11-25T08:01:32","date_gmt":"2024-11-25T08:01:32","guid":{"rendered":"https:\/\/intar.ee\/pood\/teollinen-paperirullapidike\/"},"modified":"2024-11-25T08:01:32","modified_gmt":"2024-11-25T08:01:32","slug":"teollinen-paperirullapidike","status":"publish","type":"product","link":"https:\/\/intar.ee\/fi\/shop\/teollinen-paperirullapidike\/","title":{"rendered":"Teollinen paperirullapidike"},"content":{"rendered":"<p>INTARin teollinen paperirullapidike on valmistettu korkealaatuisesta ter\u00e4ksest\u00e4 ja pulverimaalattu. Sein\u00e4\u00e4n kiinnitett\u00e4v\u00e4 pidike s\u00e4\u00e4st\u00e4\u00e4 arvokasta ty\u00f6tilaa ja on aina k\u00e4ytt\u00f6valmis. Ihanteellinen tuotantolaitoksiin, varastoihin ja ty\u00f6pajoihin. Minimalistinen muotokieli takaa, ett\u00e4 se sopii mihin tahansa sisustukseen.<\/p>\n<p>INTAR-s\u00e4ilytystelineen avulla ty\u00f6paikkasi on aina siisti.<\/p>\n","protected":false},"excerpt":{"rendered":"<p>INTARin teollinen paperirullapidike on valmistettu korkealaatuisesta ter\u00e4ksest\u00e4 ja pulverimaalattu. Sein\u00e4\u00e4n kiinnitett\u00e4v\u00e4 pidike s\u00e4\u00e4st\u00e4\u00e4 arvokasta ty\u00f6tilaa ja on aina k\u00e4ytt\u00f6valmis. Ihanteellinen tuotantolaitoksiin, varastoihin ja ty\u00f6pajoihin. Minimalistinen muotokieli takaa, ett\u00e4 se sopii mihin tahansa sisustukseen. INTAR-s\u00e4ilytystelineen avulla ty\u00f6paikkasi on aina siisti.<\/p>\n","protected":false},"featured_media":5463,"template":"","meta":[],"product_brand":[],"product_cat":[160],"product_tag":[],"class_list":{"0":"post-5473","1":"product","2":"type-product","3":"status-publish","4":"has-post-thumbnail","6":"product_cat-haltijat","8":"first","9":"instock","10":"shipping-taxable","11":"purchasable","12":"product-type-simple"},"_links":{"self":[{"href":"https:\/\/intar.ee\/fi\/wp-json\/wp\/v2\/product\/5473","targetHints":{"allow":["GET"]}}],"collection":[{"href":"https:\/\/intar.ee\/fi\/wp-json\/wp\/v2\/product"}],"about":[{"href":"https:\/\/intar.ee\/fi\/wp-json\/wp\/v2\/types\/product"}],"wp:featuredmedia":[{"embeddable":true,"href":"https:\/\/intar.ee\/fi\/wp-json\/wp\/v2\/media\/5463"}],"wp:attachment":[{"href":"https:\/\/intar.ee\/fi\/wp-json\/wp\/v2\/media?parent=5473"}],"wp:term":[{"taxonomy":"product_brand","embeddable":true,"href":"https:\/\/intar.ee\/fi\/wp-json\/wp\/v2\/product_brand?post=5473"},{"taxonomy":"product_cat","embeddable":true,"href":"https:\/\/intar.ee\/fi\/wp-json\/wp\/v2\/product_cat?post=5473"},{"taxonomy":"product_tag","embeddable":true,"href":"https:\/\/intar.ee\/fi\/wp-json\/wp\/v2\/product_tag?post=5473"}],"curies":[{"name":"wp","href":"https:\/\/api.w.org\/{rel}","templated":true}]}}