{"id":5472,"date":"2024-11-25T07:57:25","date_gmt":"2024-11-25T07:57:25","guid":{"rendered":"https:\/\/intar.ee\/pood\/kannettavan-tietokoneen\/"},"modified":"2024-11-25T07:57:25","modified_gmt":"2024-11-25T07:57:25","slug":"kannettavan-tietokoneen","status":"publish","type":"product","link":"https:\/\/intar.ee\/fi\/shop\/kannettavan-tietokoneen\/","title":{"rendered":"Kannettavan tietokoneen"},"content":{"rendered":"<p>INTAR-kannettavan tietokoneen pidike on valmistettu korkealaatuisesta ter\u00e4ksest\u00e4 ja pulverimaalattu. Jalusta on suunniteltu moderniin ty\u00f6tilaan tehokkuuden, helppok\u00e4ytt\u00f6isyyden ja organisoinnin varmistamiseksi. Pidike voidaan asentaa ty\u00f6p\u00f6yd\u00e4lle tai kiinnitt\u00e4\u00e4 sein\u00e4\u00e4n. Minimalistinen muotokieli takaa sopivuuden mihin tahansa sisustukseen.<\/p>\n<p>INTAR-s\u00e4ilytystelineen avulla ty\u00f6kalusi &#8211; ja nyt my\u00f6s laitteesi &#8211; ovat aina siististi s\u00e4ilytettyin\u00e4 ja helposti saatavilla.<\/p>\n","protected":false},"excerpt":{"rendered":"<p>INTAR-kannettavan tietokoneen pidike on valmistettu korkealaatuisesta ter\u00e4ksest\u00e4 ja pulverimaalattu. Jalusta on suunniteltu moderniin ty\u00f6tilaan tehokkuuden, helppok\u00e4ytt\u00f6isyyden ja organisoinnin varmistamiseksi. Pidike voidaan asentaa ty\u00f6p\u00f6yd\u00e4lle tai kiinnitt\u00e4\u00e4 sein\u00e4\u00e4n. Minimalistinen muotokieli takaa sopivuuden mihin tahansa sisustukseen. INTAR-s\u00e4ilytystelineen avulla ty\u00f6kalusi &#8211; ja nyt my\u00f6s laitteesi &#8211; ovat aina siististi s\u00e4ilytettyin\u00e4 ja helposti saatavilla.<\/p>\n","protected":false},"featured_media":5459,"template":"","meta":[],"product_brand":[],"product_cat":[160],"product_tag":[286],"class_list":{"0":"post-5472","1":"product","2":"type-product","3":"status-publish","4":"has-post-thumbnail","6":"product_cat-haltijat","7":"product_tag-kannettavan-tietokoneen","9":"first","10":"instock","11":"shipping-taxable","12":"purchasable","13":"product-type-simple"},"_links":{"self":[{"href":"https:\/\/intar.ee\/fi\/wp-json\/wp\/v2\/product\/5472","targetHints":{"allow":["GET"]}}],"collection":[{"href":"https:\/\/intar.ee\/fi\/wp-json\/wp\/v2\/product"}],"about":[{"href":"https:\/\/intar.ee\/fi\/wp-json\/wp\/v2\/types\/product"}],"wp:featuredmedia":[{"embeddable":true,"href":"https:\/\/intar.ee\/fi\/wp-json\/wp\/v2\/media\/5459"}],"wp:attachment":[{"href":"https:\/\/intar.ee\/fi\/wp-json\/wp\/v2\/media?parent=5472"}],"wp:term":[{"taxonomy":"product_brand","embeddable":true,"href":"https:\/\/intar.ee\/fi\/wp-json\/wp\/v2\/product_brand?post=5472"},{"taxonomy":"product_cat","embeddable":true,"href":"https:\/\/intar.ee\/fi\/wp-json\/wp\/v2\/product_cat?post=5472"},{"taxonomy":"product_tag","embeddable":true,"href":"https:\/\/intar.ee\/fi\/wp-json\/wp\/v2\/product_tag?post=5472"}],"curies":[{"name":"wp","href":"https:\/\/api.w.org\/{rel}","templated":true}]}}