{"id":5043,"date":"2023-06-27T08:47:40","date_gmt":"2023-06-27T08:47:40","guid":{"rendered":"https:\/\/intar.ee\/?post_type=product&#038;p=5043"},"modified":"2026-03-12T11:31:51","modified_gmt":"2026-03-12T11:31:51","slug":"akulaadija-hoidik","status":"publish","type":"product","link":"https:\/\/intar.ee\/fi\/shop\/akulaadija-hoidik\/","title":{"rendered":"Akulaadija Hoidik"},"content":{"rendered":"<h2><span style=\"font-weight: 400;\">Intari akulaadija hoidik,<\/span><\/h2>\n<p><span style=\"font-weight: 400;\">on m\u00f5eldud \u201cvedeleva\u201d <strong>akulaadija<\/strong> seinale kinnitamiseks.\u00a0<\/span><\/p>\n<p><span style=\"font-weight: 400;\">T\u00e4nu oma elegantsele ja funktsionaalsele disainile pakub meie hoidja teie akulaadijale ideaalset kodu. <\/span><\/p>\n<p><span style=\"font-weight: 400;\">Hoidik hoiab k\u00f5ik kenasti korrastatuna ja k\u00e4eulatuses. Enam ei ole vaja raisata aega oma laadija otsimiseks.\u00a0<\/span><\/p>\n<p><span style=\"font-weight: 400;\">Paigaldamine on imelihtne. Lihtsalt valige soovitud asukoht, kinnitage hoidik seinale, t\u00f6\u00f6lauale v\u00f5i perfoplaadile ja nautige korrastatud t\u00f6\u00f6ruumi.<\/span><\/p>\n<p><span style=\"font-weight: 400;\">Meie laadija hoidik ei paku mitte ainult erakordset funktsionaalsust, vaid lisab teie t\u00f6\u00f6kojale ka elegantsi ning turvalisust l\u00e4bi tuleohutuse. Pulber v\u00e4rviga kaetud viimistlus ei paku mitte ainult kaitset, vaid annab hoidjale ka elegantse ja moodsa v\u00e4limuse, mis sobib iga t\u00f6\u00f6ruumi esteetikaga. See on v\u00e4ljapaistev ese, mis parandab teie t\u00f6\u00f6koja v\u00f5i garaa\u017ei \u00fcldist atmosf\u00e4\u00e4ri.<\/span><\/p>\n","protected":false},"excerpt":{"rendered":"<p>Akulaadija hoidik.<\/p>\n<p>Sobilik <span style=\"font-weight: 400;\">Makita brandi laadijale aga v\u00f5ib ka sobida teiste br\u00e4ndide laadijate hoiustamiseks<\/span>.<\/p>\n<p><strong>Disainitud ja valmistatud EESTIS.<\/strong><\/p>\n","protected":false},"featured_media":5045,"template":"","meta":[],"product_brand":[],"product_cat":[273,84],"product_tag":[],"class_list":{"0":"post-5043","1":"product","2":"type-product","3":"status-publish","4":"has-post-thumbnail","6":"product_cat-akulaadija-hoidik","7":"product_cat-hoidjad","9":"first","10":"instock","11":"shipping-taxable","12":"purchasable","13":"product-type-simple"},"_links":{"self":[{"href":"https:\/\/intar.ee\/fi\/wp-json\/wp\/v2\/product\/5043","targetHints":{"allow":["GET"]}}],"collection":[{"href":"https:\/\/intar.ee\/fi\/wp-json\/wp\/v2\/product"}],"about":[{"href":"https:\/\/intar.ee\/fi\/wp-json\/wp\/v2\/types\/product"}],"wp:featuredmedia":[{"embeddable":true,"href":"https:\/\/intar.ee\/fi\/wp-json\/wp\/v2\/media\/5045"}],"wp:attachment":[{"href":"https:\/\/intar.ee\/fi\/wp-json\/wp\/v2\/media?parent=5043"}],"wp:term":[{"taxonomy":"product_brand","embeddable":true,"href":"https:\/\/intar.ee\/fi\/wp-json\/wp\/v2\/product_brand?post=5043"},{"taxonomy":"product_cat","embeddable":true,"href":"https:\/\/intar.ee\/fi\/wp-json\/wp\/v2\/product_cat?post=5043"},{"taxonomy":"product_tag","embeddable":true,"href":"https:\/\/intar.ee\/fi\/wp-json\/wp\/v2\/product_tag?post=5043"}],"curies":[{"name":"wp","href":"https:\/\/api.w.org\/{rel}","templated":true}]}}