{"id":2102,"date":"2020-11-29T20:31:32","date_gmt":"2020-11-29T20:31:32","guid":{"rendered":"https:\/\/intar.ee\/pood\/porakoneteline-5aukko\/"},"modified":"2023-09-26T07:13:16","modified_gmt":"2023-09-26T07:13:16","slug":"porakoneteline-5aukko","status":"publish","type":"product","link":"https:\/\/intar.ee\/fi\/shop\/porakoneteline-5aukko\/","title":{"rendered":"Porakoneteline 5 aukko"},"content":{"rendered":"<h2>Intar Porakonetelineill<\/h2>\n<p>5 ty\u00f6asennon ty\u00f6kaluteline.<\/p>\n<p><strong>Suunniteltu ja valmistettu VIROSSA.<\/strong><\/p>\n<p>Valmistettu lujatekoisesta metallista ja jauhemaalattu.<\/p>\n<p>Tuotteen mitat: <strong>183x220x624mm<\/strong> ja paino <strong>4.8kg<\/strong>.<\/p>\n<p>Pakkauksessa asennusohje ja kiinnitystarvikkeet.<\/p>\n<p>Voidaan l\u00e4hett\u00e4\u00e4 pakettiautomaattiin tai tilauksen voi hakea valmistajan toimipisteest\u00e4.<\/p>\n<p>Telineeseen voi laittaa erilaisia ty\u00f6kaluja, mm.:<\/p>\n<ul>\n<li>Kuumailmapuhallin<\/li>\n<li>Rengaspistooli<\/li>\n<li>Akkuporakone<\/li>\n<li>Akkuruuvimeisseli<\/li>\n<li>Jne.<\/li>\n<\/ul>\n","protected":false},"excerpt":{"rendered":"<p>5 ty\u00f6asennon ty\u00f6kaluteline.<\/p>\n<p>Telineeseen voi laittaa erilaisia ty\u00f6kaluja, mm.:<\/p>\n<ul>\n<li>Kuumailmapuhallin<\/li>\n<li>Rengaspistooli<\/li>\n<li>Akkuporakone<\/li>\n<li>Akkuruuvimeisseli<\/li>\n<li>Jne.<\/li>\n<\/ul>\n<p><strong>Tuote on suunniteltu ja valmistettu VIROSSA!<\/strong><\/p>\n","protected":false},"featured_media":2843,"template":"","meta":[],"product_brand":[],"product_cat":[160,143],"product_tag":[198,169,197,179,196,200,199],"class_list":{"0":"post-2102","1":"product","2":"type-product","3":"status-publish","4":"has-post-thumbnail","6":"product_cat-haltijat","7":"product_cat-drill-holder-fi","8":"product_tag-akkuporakone","9":"product_tag-dewalt-fi","10":"product_tag-makita-fi","11":"product_tag-pidike","12":"product_tag-porakoneteline","13":"product_tag-porata","14":"product_tag-verstas","16":"first","17":"instock","18":"shipping-taxable","19":"purchasable","20":"product-type-simple"},"_links":{"self":[{"href":"https:\/\/intar.ee\/fi\/wp-json\/wp\/v2\/product\/2102","targetHints":{"allow":["GET"]}}],"collection":[{"href":"https:\/\/intar.ee\/fi\/wp-json\/wp\/v2\/product"}],"about":[{"href":"https:\/\/intar.ee\/fi\/wp-json\/wp\/v2\/types\/product"}],"wp:featuredmedia":[{"embeddable":true,"href":"https:\/\/intar.ee\/fi\/wp-json\/wp\/v2\/media\/2843"}],"wp:attachment":[{"href":"https:\/\/intar.ee\/fi\/wp-json\/wp\/v2\/media?parent=2102"}],"wp:term":[{"taxonomy":"product_brand","embeddable":true,"href":"https:\/\/intar.ee\/fi\/wp-json\/wp\/v2\/product_brand?post=2102"},{"taxonomy":"product_cat","embeddable":true,"href":"https:\/\/intar.ee\/fi\/wp-json\/wp\/v2\/product_cat?post=2102"},{"taxonomy":"product_tag","embeddable":true,"href":"https:\/\/intar.ee\/fi\/wp-json\/wp\/v2\/product_tag?post=2102"}],"curies":[{"name":"wp","href":"https:\/\/api.w.org\/{rel}","templated":true}]}}