{"id":2053,"date":"2020-11-29T21:20:47","date_gmt":"2020-11-29T21:20:47","guid":{"rendered":"https:\/\/intar.ee\/pood\/kulmahiomakoneen-teline\/"},"modified":"2023-11-27T09:09:12","modified_gmt":"2023-11-27T09:09:12","slug":"kulmahiomakoneen-teline","status":"publish","type":"product","link":"https:\/\/intar.ee\/fi\/shop\/kulmahiomakoneen-teline\/","title":{"rendered":"Kulmahiomakoneen teline"},"content":{"rendered":"<h2>INTAR Angle Grinder Holder<\/h2>\n<p>Kulmahiomakoneen teline.<\/p>\n<p>Laadukas ja toimintavarma kulmahiomakoneen teline.<\/p>\n<p>Telineess\u00e4 s\u00e4ilytyspaikat avaimia, silm\u00e4laseja, lis\u00e4laikkoja yms. varten<\/p>\n<p>Sopii k\u00e4ytett\u00e4v\u00e4ksi s\u00e4hk\u00f6- ja akkuk\u00e4ytt\u00f6isen laitteen s\u00e4ilytt\u00e4miseen.<\/p>\n<p><strong>Suunniteltu ja valmistettu VIROSSA.<\/strong><\/p>\n<p>Valmistettu lujatekoisesta metallista ja jauhemaalattu.<\/p>\n<p>Tuotteen mitat: <strong>80x200x355mm<\/strong> ja paino <strong>1.2kg<\/strong>.<\/p>\n<p>Pakkauksessa asennusohje ja kiinnitystarvikkeet.<\/p>\n<p>Voidaan l\u00e4hett\u00e4\u00e4 pakettiautomaattiin tai tilauksen voi hakea valmistajan toimipisteest\u00e4.<\/p>\n","protected":false},"excerpt":{"rendered":"<p>Laadukas ja toimintavarma kulmahiomakoneen teline.<\/p>\n<p>Sopii k\u00e4ytett\u00e4v\u00e4ksi s\u00e4hk\u00f6- ja akkuk\u00e4ytt\u00f6isen laitteen s\u00e4ilytt\u00e4miseen.<\/p>\n<p>Telineess\u00e4 s\u00e4ilytyspaikat avaimia, silm\u00e4laseja, lis\u00e4laikkoja yms. varten<\/p>\n","protected":false},"featured_media":2836,"template":"","meta":[],"product_brand":[],"product_cat":[160,141],"product_tag":[180,184,185,179],"class_list":{"0":"post-2053","1":"product","2":"type-product","3":"status-publish","4":"has-post-thumbnail","6":"product_cat-haltijat","7":"product_cat-angle-grinder-holder-fi-2","8":"product_tag-intar-fi","9":"product_tag-kulmahiomakoneen","10":"product_tag-kulmahiomakoneen-fi","11":"product_tag-pidike","13":"first","14":"outofstock","15":"shipping-taxable","16":"purchasable","17":"product-type-simple"},"_links":{"self":[{"href":"https:\/\/intar.ee\/fi\/wp-json\/wp\/v2\/product\/2053","targetHints":{"allow":["GET"]}}],"collection":[{"href":"https:\/\/intar.ee\/fi\/wp-json\/wp\/v2\/product"}],"about":[{"href":"https:\/\/intar.ee\/fi\/wp-json\/wp\/v2\/types\/product"}],"wp:featuredmedia":[{"embeddable":true,"href":"https:\/\/intar.ee\/fi\/wp-json\/wp\/v2\/media\/2836"}],"wp:attachment":[{"href":"https:\/\/intar.ee\/fi\/wp-json\/wp\/v2\/media?parent=2053"}],"wp:term":[{"taxonomy":"product_brand","embeddable":true,"href":"https:\/\/intar.ee\/fi\/wp-json\/wp\/v2\/product_brand?post=2053"},{"taxonomy":"product_cat","embeddable":true,"href":"https:\/\/intar.ee\/fi\/wp-json\/wp\/v2\/product_cat?post=2053"},{"taxonomy":"product_tag","embeddable":true,"href":"https:\/\/intar.ee\/fi\/wp-json\/wp\/v2\/product_tag?post=2053"}],"curies":[{"name":"wp","href":"https:\/\/api.w.org\/{rel}","templated":true}]}}