{"id":2051,"date":"2020-12-14T09:36:49","date_gmt":"2020-12-14T09:36:49","guid":{"rendered":"https:\/\/intar.ee\/pood\/ruuvimeisselin-pidike-v1\/"},"modified":"2020-12-14T09:36:49","modified_gmt":"2020-12-14T09:36:49","slug":"ruuvimeisselin-pidike-v1","status":"publish","type":"product","link":"https:\/\/intar.ee\/fi\/shop\/ruuvimeisselin-pidike-v1\/","title":{"rendered":"Ruuvimeisseliteline V1"},"content":{"rendered":"<p>Ruuvimeisseliteline V1.<\/p>\n<p><strong>Suunniteltu ja valmistettu VIROSSA.<\/strong><\/p>\n<p>Valmistettu lujatekoisesta metallista ja jauhemaalattu.<\/p>\n<p>Pakkauksessa asennusohje ja kiinnitystarvikkeet.<\/p>\n<p>Voidaan l\u00e4hett\u00e4\u00e4 pakettiautomaattiin tai tilauksen voi hakea valmistajan toimipisteest\u00e4.<\/p>\n<p>&nbsp;<\/p>\n","protected":false},"excerpt":{"rendered":"<p><strong>Intar ruuvimeisseliteline.<\/strong><\/p>\n<p>Sopii melkein kaikentyyppisten ruuvimeisseleiden s\u00e4ilytt\u00e4miseen.<\/p>\n<p><strong>Tuotteen mitat: 52x82x170mm.<\/strong><\/p>\n<p>&nbsp;<\/p>\n<p><strong>Suunniteltu ja valmistettu VIROSSA.<\/strong><\/p>\n","protected":false},"featured_media":2847,"template":"","meta":[],"product_brand":[],"product_cat":[160,155],"product_tag":[180,183,179,181],"class_list":{"0":"post-2051","1":"product","2":"type-product","3":"status-publish","4":"has-post-thumbnail","6":"product_cat-haltijat","7":"product_cat-screwdriver-holder-fi","8":"product_tag-intar-fi","9":"product_tag-kalusteet","10":"product_tag-pidike","11":"product_tag-ruuvimeisseli","13":"first","14":"instock","15":"shipping-taxable","16":"purchasable","17":"product-type-simple"},"_links":{"self":[{"href":"https:\/\/intar.ee\/fi\/wp-json\/wp\/v2\/product\/2051","targetHints":{"allow":["GET"]}}],"collection":[{"href":"https:\/\/intar.ee\/fi\/wp-json\/wp\/v2\/product"}],"about":[{"href":"https:\/\/intar.ee\/fi\/wp-json\/wp\/v2\/types\/product"}],"wp:featuredmedia":[{"embeddable":true,"href":"https:\/\/intar.ee\/fi\/wp-json\/wp\/v2\/media\/2847"}],"wp:attachment":[{"href":"https:\/\/intar.ee\/fi\/wp-json\/wp\/v2\/media?parent=2051"}],"wp:term":[{"taxonomy":"product_brand","embeddable":true,"href":"https:\/\/intar.ee\/fi\/wp-json\/wp\/v2\/product_brand?post=2051"},{"taxonomy":"product_cat","embeddable":true,"href":"https:\/\/intar.ee\/fi\/wp-json\/wp\/v2\/product_cat?post=2051"},{"taxonomy":"product_tag","embeddable":true,"href":"https:\/\/intar.ee\/fi\/wp-json\/wp\/v2\/product_tag?post=2051"}],"curies":[{"name":"wp","href":"https:\/\/api.w.org\/{rel}","templated":true}]}}