{"id":2162,"date":"2021-03-11T15:05:35","date_gmt":"2021-03-11T15:05:35","guid":{"rendered":"https:\/\/intar.ee\/myymala\/tietosuojakaytanto\/"},"modified":"2022-02-15T13:10:22","modified_gmt":"2022-02-15T13:10:22","slug":"tietosuojakaytanto","status":"publish","type":"page","link":"https:\/\/intar.ee\/fi\/myymala\/tietosuojakaytanto\/","title":{"rendered":"Tietosuojak\u00e4yt\u00e4nt\u00f6"},"content":{"rendered":"\t\t<div data-elementor-type=\"wp-page\" data-elementor-id=\"2162\" class=\"elementor elementor-2162 elementor-1541\" data-elementor-post-type=\"page\">\n\t\t\t\t\t\t<section class=\"ob-is-breaking-bad has_ae_slider elementor-section elementor-top-section elementor-element elementor-element-d561f17 elementor-section-boxed elementor-section-height-default elementor-section-height-default ae-bg-gallery-type-default\" data-id=\"d561f17\" data-element_type=\"section\" data-e-type=\"section\" data-settings=\"{&quot;background_background&quot;:&quot;classic&quot;,&quot;shape_divider_top&quot;:&quot;opacity-tilt&quot;,&quot;shape_divider_bottom&quot;:&quot;wave-brush&quot;,&quot;jet_parallax_layout_list&quot;:[{&quot;jet_parallax_layout_image&quot;:{&quot;url&quot;:&quot;&quot;,&quot;id&quot;:&quot;&quot;,&quot;size&quot;:&quot;&quot;},&quot;_id&quot;:&quot;99633be&quot;,&quot;jet_parallax_layout_image_tablet&quot;:{&quot;url&quot;:&quot;&quot;,&quot;id&quot;:&quot;&quot;,&quot;size&quot;:&quot;&quot;},&quot;jet_parallax_layout_image_mobile&quot;:{&quot;url&quot;:&quot;&quot;,&quot;id&quot;:&quot;&quot;,&quot;size&quot;:&quot;&quot;},&quot;jet_parallax_layout_speed&quot;:{&quot;unit&quot;:&quot;%&quot;,&quot;size&quot;:50,&quot;sizes&quot;:[]},&quot;jet_parallax_layout_type&quot;:&quot;scroll&quot;,&quot;jet_parallax_layout_direction&quot;:&quot;1&quot;,&quot;jet_parallax_layout_fx_direction&quot;:null,&quot;jet_parallax_layout_z_index&quot;:&quot;&quot;,&quot;jet_parallax_layout_bg_x&quot;:50,&quot;jet_parallax_layout_bg_x_tablet&quot;:&quot;&quot;,&quot;jet_parallax_layout_bg_x_mobile&quot;:&quot;&quot;,&quot;jet_parallax_layout_bg_y&quot;:50,&quot;jet_parallax_layout_bg_y_tablet&quot;:&quot;&quot;,&quot;jet_parallax_layout_bg_y_mobile&quot;:&quot;&quot;,&quot;jet_parallax_layout_bg_size&quot;:&quot;auto&quot;,&quot;jet_parallax_layout_bg_size_tablet&quot;:&quot;&quot;,&quot;jet_parallax_layout_bg_size_mobile&quot;:&quot;&quot;,&quot;jet_parallax_layout_animation_prop&quot;:&quot;transform&quot;,&quot;jet_parallax_layout_on&quot;:[&quot;desktop&quot;,&quot;tablet&quot;]}],&quot;_ob_bbad_use_it&quot;:&quot;yes&quot;,&quot;_ob_bbad_sssic_use&quot;:&quot;no&quot;,&quot;_ob_glider_is_slider&quot;:&quot;no&quot;}\">\n\t\t\t\t\t\t\t<div class=\"elementor-background-overlay\"><\/div>\n\t\t\t\t\t\t<div class=\"elementor-shape elementor-shape-top\" aria-hidden=\"true\" data-negative=\"false\">\n\t\t\t<svg xmlns=\"http:\/\/www.w3.org\/2000\/svg\" viewBox=\"0 0 2600 131.1\" preserveAspectRatio=\"none\">\n\t<path class=\"elementor-shape-fill\" d=\"M0 0L2600 0 2600 69.1 0 0z\"\/>\n\t<path class=\"elementor-shape-fill\" style=\"opacity:0.5\" d=\"M0 0L2600 0 2600 69.1 0 69.1z\"\/>\n\t<path class=\"elementor-shape-fill\" style=\"opacity:0.25\" d=\"M2600 0L0 0 0 130.1 2600 69.1z\"\/>\n<\/svg>\t\t<\/div>\n\t\t\t\t<div class=\"elementor-shape elementor-shape-bottom\" aria-hidden=\"true\" data-negative=\"false\">\n\t\t\t<svg xmlns=\"http:\/\/www.w3.org\/2000\/svg\" viewBox=\"0 0 283.5 27.8\" preserveAspectRatio=\"none\">\n\t<path class=\"elementor-shape-fill\" d=\"M283.5,9.7c0,0-7.3,4.3-14,4.6c-6.8,0.3-12.6,0-20.9-1.5c-11.3-2-33.1-10.1-44.7-5.7\ts-12.1,4.6-18,7.4c-6.6,3.2-20,9.6-36.6,9.3C131.6,23.5,99.5,7.2,86.3,8c-1.4,0.1-6.6,0.8-10.5,2c-3.8,1.2-9.4,3.8-17,4.7\tc-3.2,0.4-8.3,1.1-14.2,0.9c-1.5-0.1-6.3-0.4-12-1.6c-5.7-1.2-11-3.1-15.8-3.7C6.5,9.2,0,10.8,0,10.8V0h283.5V9.7z M260.8,11.3\tc-0.7-1-2-0.4-4.3-0.4c-2.3,0-6.1-1.2-5.8-1.1c0.3,0.1,3.1,1.5,6,1.9C259.7,12.2,261.4,12.3,260.8,11.3z M242.4,8.6\tc0,0-2.4-0.2-5.6-0.9c-3.2-0.8-10.3-2.8-15.1-3.5c-8.2-1.1-15.8,0-15.1,0.1c0.8,0.1,9.6-0.6,17.6,1.1c3.3,0.7,9.3,2.2,12.4,2.7\tC239.9,8.7,242.4,8.6,242.4,8.6z M185.2,8.5c1.7-0.7-13.3,4.7-18.5,6.1c-2.1,0.6-6.2,1.6-10,2c-3.9,0.4-8.9,0.4-8.8,0.5\tc0,0.2,5.8,0.8,11.2,0c5.4-0.8,5.2-1.1,7.6-1.6C170.5,14.7,183.5,9.2,185.2,8.5z M199.1,6.9c0.2,0-0.8-0.4-4.8,1.1\tc-4,1.5-6.7,3.5-6.9,3.7c-0.2,0.1,3.5-1.8,6.6-3C197,7.5,199,6.9,199.1,6.9z M283,6c-0.1,0.1-1.9,1.1-4.8,2.5s-6.9,2.8-6.7,2.7\tc0.2,0,3.5-0.6,7.4-2.5C282.8,6.8,283.1,5.9,283,6z M31.3,11.6c0.1-0.2-1.9-0.2-4.5-1.2s-5.4-1.6-7.8-2C15,7.6,7.3,8.5,7.7,8.6\tC8,8.7,15.9,8.3,20.2,9.3c2.2,0.5,2.4,0.5,5.7,1.6S31.2,11.9,31.3,11.6z M73,9.2c0.4-0.1,3.5-1.6,8.4-2.6c4.9-1.1,8.9-0.5,8.9-0.8\tc0-0.3-1-0.9-6.2-0.3S72.6,9.3,73,9.2z M71.6,6.7C71.8,6.8,75,5.4,77.3,5c2.3-0.3,1.9-0.5,1.9-0.6c0-0.1-1.1-0.2-2.7,0.2\tC74.8,5.1,71.4,6.6,71.6,6.7z M93.6,4.4c0.1,0.2,3.5,0.8,5.6,1.8c2.1,1,1.8,0.6,1.9,0.5c0.1-0.1-0.8-0.8-2.4-1.3\tC97.1,4.8,93.5,4.2,93.6,4.4z M65.4,11.1c-0.1,0.3,0.3,0.5,1.9-0.2s2.6-1.3,2.2-1.2s-0.9,0.4-2.5,0.8C65.3,10.9,65.5,10.8,65.4,11.1\tz M34.5,12.4c-0.2,0,2.1,0.8,3.3,0.9c1.2,0.1,2,0.1,2-0.2c0-0.3-0.1-0.5-1.6-0.4C36.6,12.8,34.7,12.4,34.5,12.4z M152.2,21.1\tc-0.1,0.1-2.4-0.3-7.5-0.3c-5,0-13.6-2.4-17.2-3.5c-3.6-1.1,10,3.9,16.5,4.1C150.5,21.6,152.3,21,152.2,21.1z\"\/>\n\t<path class=\"elementor-shape-fill\" d=\"M269.6,18c-0.1-0.1-4.6,0.3-7.2,0c-7.3-0.7-17-3.2-16.6-2.9c0.4,0.3,13.7,3.1,17,3.3\tC267.7,18.8,269.7,18,269.6,18z\"\/>\n\t<path class=\"elementor-shape-fill\" d=\"M227.4,9.8c-0.2-0.1-4.5-1-9.5-1.2c-5-0.2-12.7,0.6-12.3,0.5c0.3-0.1,5.9-1.8,13.3-1.2\tS227.6,9.9,227.4,9.8z\"\/>\n\t<path class=\"elementor-shape-fill\" d=\"M204.5,13.4c-0.1-0.1,2-1,3.2-1.1c1.2-0.1,2,0,2,0.3c0,0.3-0.1,0.5-1.6,0.4\tC206.4,12.9,204.6,13.5,204.5,13.4z\"\/>\n\t<path class=\"elementor-shape-fill\" d=\"M201,10.6c0-0.1-4.4,1.2-6.3,2.2c-1.9,0.9-6.2,3.1-6.1,3.1c0.1,0.1,4.2-1.6,6.3-2.6\tS201,10.7,201,10.6z\"\/>\n\t<path class=\"elementor-shape-fill\" d=\"M154.5,26.7c-0.1-0.1-4.6,0.3-7.2,0c-7.3-0.7-17-3.2-16.6-2.9c0.4,0.3,13.7,3.1,17,3.3\tC152.6,27.5,154.6,26.8,154.5,26.7z\"\/>\n\t<path class=\"elementor-shape-fill\" d=\"M41.9,19.3c0,0,1.2-0.3,2.9-0.1c1.7,0.2,5.8,0.9,8.2,0.7c4.2-0.4,7.4-2.7,7-2.6\tc-0.4,0-4.3,2.2-8.6,1.9c-1.8-0.1-5.1-0.5-6.7-0.4S41.9,19.3,41.9,19.3z\"\/>\n\t<path class=\"elementor-shape-fill\" d=\"M75.5,12.6c0.2,0.1,2-0.8,4.3-1.1c2.3-0.2,2.1-0.3,2.1-0.5c0-0.1-1.8-0.4-3.4,0\tC76.9,11.5,75.3,12.5,75.5,12.6z\"\/>\n\t<path class=\"elementor-shape-fill\" d=\"M15.6,13.2c0-0.1,4.3,0,6.7,0.5c2.4,0.5,5,1.9,5,2c0,0.1-2.7-0.8-5.1-1.4\tC19.9,13.7,15.7,13.3,15.6,13.2z\"\/>\n<\/svg>\t\t<\/div>\n\t\t\t\t\t<div class=\"elementor-container elementor-column-gap-default\">\n\t\t\t\t\t<div class=\"has_ae_slider elementor-column elementor-col-100 elementor-top-column elementor-element elementor-element-7ae5f2e ae-bg-gallery-type-default\" data-id=\"7ae5f2e\" data-element_type=\"column\" data-e-type=\"column\" data-settings=\"{&quot;_ob_bbad_is_stalker&quot;:&quot;no&quot;,&quot;_ob_teleporter_use&quot;:false,&quot;_ob_column_hoveranimator&quot;:&quot;no&quot;,&quot;_ob_column_has_pseudo&quot;:&quot;no&quot;}\">\n\t\t\t<div class=\"elementor-widget-wrap elementor-element-populated\">\n\t\t\t\t\t\t\t<\/div>\n\t\t<\/div>\n\t\t\t\t\t<\/div>\n\t\t<\/section>\n\t\t\t\t<section class=\"ob-is-breaking-bad has_ae_slider elementor-section elementor-top-section elementor-element elementor-element-04efc3f elementor-section-full_width elementor-section-height-default elementor-section-height-default ae-bg-gallery-type-default\" data-id=\"04efc3f\" data-element_type=\"section\" data-e-type=\"section\" data-settings=\"{&quot;jet_parallax_layout_list&quot;:[{&quot;_id&quot;:&quot;b244b7c&quot;,&quot;jet_parallax_layout_image&quot;:{&quot;url&quot;:&quot;&quot;,&quot;id&quot;:&quot;&quot;,&quot;size&quot;:&quot;&quot;},&quot;jet_parallax_layout_image_tablet&quot;:{&quot;url&quot;:&quot;&quot;,&quot;id&quot;:&quot;&quot;,&quot;size&quot;:&quot;&quot;},&quot;jet_parallax_layout_image_mobile&quot;:{&quot;url&quot;:&quot;&quot;,&quot;id&quot;:&quot;&quot;,&quot;size&quot;:&quot;&quot;},&quot;jet_parallax_layout_speed&quot;:{&quot;unit&quot;:&quot;%&quot;,&quot;size&quot;:50,&quot;sizes&quot;:[]},&quot;jet_parallax_layout_type&quot;:&quot;scroll&quot;,&quot;jet_parallax_layout_direction&quot;:&quot;1&quot;,&quot;jet_parallax_layout_fx_direction&quot;:null,&quot;jet_parallax_layout_z_index&quot;:&quot;&quot;,&quot;jet_parallax_layout_bg_x&quot;:50,&quot;jet_parallax_layout_bg_x_tablet&quot;:&quot;&quot;,&quot;jet_parallax_layout_bg_x_mobile&quot;:&quot;&quot;,&quot;jet_parallax_layout_bg_y&quot;:50,&quot;jet_parallax_layout_bg_y_tablet&quot;:&quot;&quot;,&quot;jet_parallax_layout_bg_y_mobile&quot;:&quot;&quot;,&quot;jet_parallax_layout_bg_size&quot;:&quot;auto&quot;,&quot;jet_parallax_layout_bg_size_tablet&quot;:&quot;&quot;,&quot;jet_parallax_layout_bg_size_mobile&quot;:&quot;&quot;,&quot;jet_parallax_layout_animation_prop&quot;:&quot;transform&quot;,&quot;jet_parallax_layout_on&quot;:[&quot;desktop&quot;,&quot;tablet&quot;]}],&quot;background_background&quot;:&quot;classic&quot;,&quot;_ob_bbad_use_it&quot;:&quot;yes&quot;,&quot;_ob_bbad_sssic_use&quot;:&quot;no&quot;,&quot;_ob_glider_is_slider&quot;:&quot;no&quot;}\">\n\t\t\t\t\t\t<div class=\"elementor-container elementor-column-gap-no\">\n\t\t\t\t\t<div class=\"has_ae_slider elementor-column elementor-col-100 elementor-top-column elementor-element elementor-element-60e4f56 ae-bg-gallery-type-default\" data-id=\"60e4f56\" data-element_type=\"column\" data-e-type=\"column\" data-settings=\"{&quot;_ob_bbad_is_stalker&quot;:&quot;no&quot;,&quot;_ob_teleporter_use&quot;:false,&quot;_ob_column_hoveranimator&quot;:&quot;no&quot;,&quot;_ob_column_has_pseudo&quot;:&quot;no&quot;}\">\n\t\t\t<div class=\"elementor-widget-wrap elementor-element-populated\">\n\t\t\t\t\t\t\t<\/div>\n\t\t<\/div>\n\t\t\t\t\t<\/div>\n\t\t<\/section>\n\t\t\t\t<section class=\"ob-is-breaking-bad has_ae_slider elementor-section elementor-top-section elementor-element elementor-element-1a3d03b elementor-section-boxed elementor-section-height-default elementor-section-height-default ae-bg-gallery-type-default\" data-id=\"1a3d03b\" data-element_type=\"section\" data-e-type=\"section\" data-settings=\"{&quot;jet_parallax_layout_list&quot;:[{&quot;jet_parallax_layout_image&quot;:{&quot;url&quot;:&quot;&quot;,&quot;id&quot;:&quot;&quot;,&quot;size&quot;:&quot;&quot;},&quot;_id&quot;:&quot;d3306f2&quot;,&quot;jet_parallax_layout_image_tablet&quot;:{&quot;url&quot;:&quot;&quot;,&quot;id&quot;:&quot;&quot;,&quot;size&quot;:&quot;&quot;},&quot;jet_parallax_layout_image_mobile&quot;:{&quot;url&quot;:&quot;&quot;,&quot;id&quot;:&quot;&quot;,&quot;size&quot;:&quot;&quot;},&quot;jet_parallax_layout_speed&quot;:{&quot;unit&quot;:&quot;%&quot;,&quot;size&quot;:50,&quot;sizes&quot;:[]},&quot;jet_parallax_layout_type&quot;:&quot;scroll&quot;,&quot;jet_parallax_layout_direction&quot;:&quot;1&quot;,&quot;jet_parallax_layout_fx_direction&quot;:null,&quot;jet_parallax_layout_z_index&quot;:&quot;&quot;,&quot;jet_parallax_layout_bg_x&quot;:50,&quot;jet_parallax_layout_bg_x_tablet&quot;:&quot;&quot;,&quot;jet_parallax_layout_bg_x_mobile&quot;:&quot;&quot;,&quot;jet_parallax_layout_bg_y&quot;:50,&quot;jet_parallax_layout_bg_y_tablet&quot;:&quot;&quot;,&quot;jet_parallax_layout_bg_y_mobile&quot;:&quot;&quot;,&quot;jet_parallax_layout_bg_size&quot;:&quot;auto&quot;,&quot;jet_parallax_layout_bg_size_tablet&quot;:&quot;&quot;,&quot;jet_parallax_layout_bg_size_mobile&quot;:&quot;&quot;,&quot;jet_parallax_layout_animation_prop&quot;:&quot;transform&quot;,&quot;jet_parallax_layout_on&quot;:[&quot;desktop&quot;,&quot;tablet&quot;]}],&quot;background_background&quot;:&quot;classic&quot;,&quot;_ob_bbad_use_it&quot;:&quot;yes&quot;,&quot;_ob_bbad_sssic_use&quot;:&quot;no&quot;,&quot;_ob_glider_is_slider&quot;:&quot;no&quot;}\">\n\t\t\t\t\t\t<div class=\"elementor-container elementor-column-gap-default\">\n\t\t\t\t\t<div class=\"has_ae_slider elementor-column elementor-col-100 elementor-top-column elementor-element elementor-element-62313fa ae-bg-gallery-type-default\" data-id=\"62313fa\" data-element_type=\"column\" data-e-type=\"column\" data-settings=\"{&quot;background_background&quot;:&quot;classic&quot;,&quot;_ob_bbad_is_stalker&quot;:&quot;no&quot;,&quot;_ob_teleporter_use&quot;:false,&quot;_ob_column_hoveranimator&quot;:&quot;no&quot;,&quot;_ob_column_has_pseudo&quot;:&quot;no&quot;}\">\n\t\t\t<div class=\"elementor-widget-wrap elementor-element-populated\">\n\t\t\t\t\t\t<div class=\"elementor-element elementor-element-1724ced ob-harakiri-inherit ob-has-background-overlay elementor-widget elementor-widget-text-editor\" data-id=\"1724ced\" data-element_type=\"widget\" data-e-type=\"widget\" data-settings=\"{&quot;_ob_use_harakiri&quot;:&quot;yes&quot;,&quot;_ob_harakiri_writing_mode&quot;:&quot;inherit&quot;,&quot;_ob_postman_use&quot;:&quot;no&quot;,&quot;_ob_perspektive_use&quot;:&quot;no&quot;,&quot;_ob_poopart_use&quot;:&quot;yes&quot;,&quot;_ob_shadough_use&quot;:&quot;no&quot;,&quot;_ob_allow_hoveranimator&quot;:&quot;no&quot;,&quot;_ob_widget_stalker_use&quot;:&quot;no&quot;}\" data-widget_type=\"text-editor.default\">\n\t\t\t\t<div class=\"elementor-widget-container\">\n\t\t\t\t\t\t\t\t\t<ol>\n<li>\n<h3><strong> Yleist\u00e4<\/strong><\/h3>\n<\/li>\n<\/ol>\n<p>1.1. N\u00e4m\u00e4 tietosuojaehdot s\u00e4\u00e4t\u00e4v\u00e4t henkil\u00f6tietojen ker\u00e4\u00e4misen, k\u00e4sittelyn ja s\u00e4ilytt\u00e4misen periaatteista. Henkil\u00f6tiedot ker\u00e4\u00e4 ja niit\u00e4 k\u00e4sittelee rekisterinpit\u00e4j\u00e4n asemassa JAM Solutions O\u00dc (j\u00e4ljemp\u00e4n\u00e4 rekisterinpit\u00e4j\u00e4).<\/p>\n<p>1.2. Rekister\u00f6ity on tietosuojavaatimusten merkityksess\u00e4 asiakas tai muu luonnollinen henkil\u00f6, jonka henkil\u00f6tietoja rekisterinpit\u00e4j\u00e4 k\u00e4sittelee.<\/p>\n<p>1.3. Asiakas on tietosuojaehtojen merkityksess\u00e4 jokainen, joka ostaa rekisterinpit\u00e4j\u00e4n kotisivulta tuotteita tai palveluita.<\/p>\n<p>1.4. Rekisterinpit\u00e4j\u00e4 noudattaa oikeuss\u00e4\u00e4d\u00f6ksiss\u00e4 s\u00e4\u00e4dettyj\u00e4 tietojen k\u00e4sittelyperiaatteita, rekisterinpit\u00e4j\u00e4 k\u00e4sittelee henkil\u00f6tietoja laillisesti, oikeudenmukaisesti ja turvallisesti. Rekisterinpit\u00e4j\u00e4 pystyy n\u00e4ytt\u00e4m\u00e4\u00e4n toteen, ett\u00e4 henkil\u00f6tietoja on k\u00e4sitelty oikeuss\u00e4\u00e4d\u00f6ksiss\u00e4 s\u00e4\u00e4detyll\u00e4 tavalla.<\/p>\n<ol start=\"2\">\n<li>\n<h3><strong> Henkil\u00f6tietojen ker\u00e4\u00e4minen, k\u00e4sittely ja s\u00e4ilytt\u00e4minen<\/strong><\/h3>\n<\/li>\n<\/ol>\n<p>2.1. Henkil\u00f6tiedot, joita rekisterinpit\u00e4j\u00e4 ker\u00e4\u00e4, k\u00e4sittelee ja s\u00e4ilytt\u00e4\u00e4, on ker\u00e4tty s\u00e4hk\u00f6isesti, l\u00e4hinn\u00e4 kotisivun ja s\u00e4hk\u00f6postin v\u00e4lityksell\u00e4.<\/p>\n<p>2.2. Rekister\u00f6ity antaa jakamalla omia henkil\u00f6tietojaan rekisterinpit\u00e4j\u00e4lle oikeuden ker\u00e4t\u00e4, j\u00e4rjest\u00e4\u00e4, k\u00e4ytt\u00e4\u00e4 ja hallita tietosuojaperiaatteissa m\u00e4\u00e4ritellyiss\u00e4 tarkoituksissa henkil\u00f6tietoja, joita rekister\u00f6ity on suoraan tai ep\u00e4suorasti kotisivulta tuotteita tai palveluita ostamalla rekisterinpit\u00e4j\u00e4lle antanut.<\/p>\n<p>2.3. Rekister\u00f6ity on vastuussa siit\u00e4, ett\u00e4 h\u00e4nen antamansa tiedot ovat t\u00e4sm\u00e4llisi\u00e4, oikeita ja kokonaisia. Tietoisesti v\u00e4\u00e4rien tietojen antamisen katsotaan olevan tietosuojaperiaatteiden laiminly\u00f6nnin. Rekister\u00f6ity on velvoitettu ilmoittamaan rekisterinpit\u00e4j\u00e4lle viipym\u00e4tt\u00e4 antamiensa tietojen muuttumisesta.<\/p>\n<p>2.4. Rekisterinpit\u00e4j\u00e4 ei ole vastuussa rekister\u00f6idyn toimesta v\u00e4\u00e4rien tietojen antamisen rekister\u00f6idylle tai kolmansille osapuolille aiheuttamista vahingoista.<\/p>\n<ol start=\"3\">\n<li>\n<h3><strong> Asiakkaiden henkil\u00f6tietojen k\u00e4sittely<\/strong><\/h3>\n<\/li>\n<\/ol>\n<p>3.1. Rekisterinpit\u00e4j\u00e4 voi k\u00e4sitell\u00e4 seuraavia rekister\u00f6idyn henkil\u00f6tietoja:<\/p>\n<p>3.1.1. Etu- ja sukunimi;<\/p>\n<p>3.1.2. Puhelinnumero;<\/p>\n<p>3.1.3. S\u00e4hk\u00f6postiosoite;<\/p>\n<p>3.1.4. Toimitusosoite;<\/p>\n<p>3.1.5. Pankkikortin tiedot;<\/p>\n<p>3.2. Edell\u00e4 mainittujen lis\u00e4ksi on rekisterinpit\u00e4j\u00e4ll\u00e4 oikeus ker\u00e4t\u00e4 asiakkaan osalta tietoja, jotka ovat saatavissa julkisista rekistereist\u00e4.<\/p>\n<p>3.3. Henkil\u00f6tietojen k\u00e4sittelyn oikeudellisen perustan muodostavat yleisen tietosuoja-asetuksen 6 artikkelin 1 mom. kohdat a), b), c) ja f):<\/p>\n<ol>\n<li>a) rekister\u00f6ity on antanut suostumuksensa henkil\u00f6tietojen k\u00e4sittelemiseen yhdess\u00e4 tai useammassa tarkoin m\u00e4\u00e4ritellyss\u00e4 tarkoituksessa;<\/li>\n<\/ol>\n<p>3.4. Henkil\u00f6tietojen k\u00e4sittely k\u00e4sittelyn tarkoituksen mukaisesti:<\/p>\n<p>3.4.1. K\u00e4sittelyn tarkoitus \u2013 turvallisuuden varmistaminen<br \/>\nHenkil\u00f6tietojen s\u00e4ilytt\u00e4misen maksimiaika \u2013 laissa s\u00e4\u00e4dettyjen m\u00e4\u00e4r\u00e4aikojen mukaisesti<\/p>\n<p>3.4.2. K\u00e4sittelyn tarkoitus \u2013 tilauksen k\u00e4sittely<br \/>\nHenkil\u00f6tietojen s\u00e4ilytt\u00e4misen maksimiaika \u2013 3 kuukautta<\/p>\n<p>3.4.3. K\u00e4sittelyn tarkoitus \u2013 verkkokaupan palveluiden toimivuuden varmistaminen<br \/>\nHenkil\u00f6tietojen s\u00e4ilytt\u00e4misen maksimiaika \u2013 3<strong>\u00a0<\/strong>kuukautta<\/p>\n<p>3.4.4. K\u00e4sittelyn tarkoitus \u2013 asiakkuuksien hallinta<br \/>\nHenkil\u00f6tietojen s\u00e4ilytt\u00e4misen maksimiaika \u2013 3\u00a0kuukautta<\/p>\n<p>3.4.5. K\u00e4sittelyn tarkoitus \u2013 rahoitustoiminta, kirjanpito<br \/>\nHenkil\u00f6tietojen s\u00e4ilytt\u00e4misen maksimiaika \u2013 laissa s\u00e4\u00e4dettyjen m\u00e4\u00e4r\u00e4aikojen mukaisesti<\/p>\n<p>3.4.6. K\u00e4sittelyn tarkoitus \u2013 markkinointi<br \/>\nHenkil\u00f6tietojen s\u00e4ilytt\u00e4misen maksimiaika \u2013\u00a024 kuukautta<\/p>\n<p>3.5. Rekisterinpit\u00e4j\u00e4ll\u00e4 on oikeus asiakkaiden siirt\u00e4\u00e4 henkil\u00f6tietoja kolmansille henkil\u00f6ille, jollaisia ovat mm. henkil\u00f6tietojen k\u00e4sittelij\u00e4t, kirjanpit\u00e4j\u00e4t, kuljetus- ja kuriiriyhti\u00f6t, pankkisiirtopalveluita tarjoavat yhti\u00f6t. Rekisterinpit\u00e4j\u00e4 on vastuussa henkil\u00f6tietojen k\u00e4sittelyst\u00e4. Rekisterinpit\u00e4j\u00e4 siirt\u00e4\u00e4 maksusuorituksiin tarvittavat henkil\u00f6tiedot henkil\u00f6tietojen k\u00e4sittelij\u00e4lle Maksekeskus AS:lle.<\/p>\n<p>3.6. Rekisterinpit\u00e4j\u00e4 soveltaa rekister\u00f6idyn henkil\u00f6tietojen k\u00e4sittelyss\u00e4 ja s\u00e4ilytt\u00e4misess\u00e4 yhti\u00f6n sis\u00e4isi\u00e4 ja teknisi\u00e4 toimenpiteit\u00e4, joilla varmistetaan henkil\u00f6tietojen suojaaminen satunnaiselta tai laittomalta tuhoamiselta, muuttamiselta, julkistamiselta tai milt\u00e4 tahansa muulta laittomalta k\u00e4sittelylt\u00e4.<\/p>\n<p>3.7. Rekisterinpit\u00e4j\u00e4 s\u00e4ilytt\u00e4\u00e4 rekister\u00f6ityjen tietoja k\u00e4sittelyn tarkoituksen mukaisesti, mutta korkeintaan 5 vuoden ajan.<\/p>\n<ol start=\"4\">\n<li>\n<h3><strong> Rekister\u00f6idyn oikeudet<\/strong><\/h3>\n<\/li>\n<\/ol>\n<p>4.1. Rekister\u00f6idyll\u00e4 on oikeus saada p\u00e4\u00e4sy omiin henkil\u00f6tietoihin ja tutustua niihin.<\/p>\n<p>4.2. Rekister\u00f6idyll\u00e4 on oikeus saada tietoja omien henkil\u00f6tietojen k\u00e4sittelyst\u00e4.<\/p>\n<p>4.3. Rekister\u00f6idyll\u00e4 on oikeus t\u00e4ydent\u00e4\u00e4 tai korjata ep\u00e4tarkkoja tietoja.<\/p>\n<p>4.4. Jos rekisterinpit\u00e4j\u00e4 k\u00e4sittelee rekister\u00f6idyn henkil\u00f6tietoja rekister\u00f6idyn suostumuksen nojalla, on rekister\u00f6idyll\u00e4 oikeus mit\u00e4t\u00f6id\u00e4 antamansa suostumus min\u00e4 hetken\u00e4 hyv\u00e4ns\u00e4.<\/p>\n<p>4.5. Rekister\u00f6ity voi omien oikeuksiensa toteuttamiseen ottaa yhteytt\u00e4 verkkokaupan asiakaspalveluun, l\u00e4hett\u00e4m\u00e4ll\u00e4 viestin s\u00e4hk\u00f6postiosoitteeseen <a href=\"mailto:order@intar.ee\">order@intar.ee<\/a>.<\/p>\n<p>4.6. Rekister\u00f6idyn on omien oikeuksien suojaamisen tarkoituksessa oikeus toimittaa valitus tietosuojan valvontalaitokselle.<\/p>\n<ol start=\"5\">\n<li>\n<h3><strong> Loppus\u00e4\u00e4d\u00f6kset<\/strong><\/h3>\n<\/li>\n<\/ol>\n<p>5.1. N\u00e4m\u00e4 tietosuojaehdot on laadittu Euroopan parlamentin ja neuvoston (EY) asetuksen nro 2016\/679 luonnollisten henkil\u00f6iden suojelusta henkil\u00f6tietojen k\u00e4sittelyss\u00e4 sek\u00e4 n\u00e4iden tietojen vapaasta liikkuvuudesta ja direktiivin 95\/46\/EY kumoamisesta annetun asetuksen (yleisen tietosuoja-asetuksen), Viron henkil\u00f6tietojen suojaamisesta annetun lain sek\u00e4 Viron ja Euroopan Unionin oikeuss\u00e4\u00e4d\u00f6sten nojalla.<\/p>\n<p>5.2. Rekisterinpit\u00e4j\u00e4ll\u00e4 on oikeus muuttaa tietosuojaehtoja osittain tai kokonaan, ilmoittamalle tietosuojaehdoissa tehdyist\u00e4 muutoksista rekister\u00f6idyille kotisivun www.intar.ee\/pood<strong>\u00a0<\/strong>kautta.<\/p>\n<p>&nbsp;<\/p>\n\t\t\t\t\t\t\t\t<\/div>\n\t\t\t\t<\/div>\n\t\t\t\t\t<\/div>\n\t\t<\/div>\n\t\t\t\t\t<\/div>\n\t\t<\/section>\n\t\t\t\t<\/div>\n\t\t","protected":false},"excerpt":{"rendered":"<p>Yleist\u00e4 1.1. N\u00e4m\u00e4 tietosuojaehdot s\u00e4\u00e4t\u00e4v\u00e4t henkil\u00f6tietojen ker\u00e4\u00e4misen, k\u00e4sittelyn ja s\u00e4ilytt\u00e4misen periaatteista. Henkil\u00f6tiedot ker\u00e4\u00e4 ja niit\u00e4 k\u00e4sittelee rekisterinpit\u00e4j\u00e4n asemassa JAM Solutions O\u00dc (j\u00e4ljemp\u00e4n\u00e4 rekisterinpit\u00e4j\u00e4). 1.2. Rekister\u00f6ity on tietosuojavaatimusten merkityksess\u00e4 asiakas tai muu luonnollinen henkil\u00f6, jonka henkil\u00f6tietoja rekisterinpit\u00e4j\u00e4 k\u00e4sittelee. 1.3. Asiakas on tietosuojaehtojen merkityksess\u00e4 jokainen, joka ostaa rekisterinpit\u00e4j\u00e4n kotisivulta tuotteita tai palveluita. 1.4. Rekisterinpit\u00e4j\u00e4 noudattaa oikeuss\u00e4\u00e4d\u00f6ksiss\u00e4 s\u00e4\u00e4dettyj\u00e4 [&hellip;]<\/p>\n","protected":false},"author":1,"featured_media":0,"parent":2054,"menu_order":0,"comment_status":"closed","ping_status":"closed","template":"elementor_header_footer","meta":{"footnotes":""},"class_list":["post-2162","page","type-page","status-publish","hentry"],"_links":{"self":[{"href":"https:\/\/intar.ee\/fi\/wp-json\/wp\/v2\/pages\/2162","targetHints":{"allow":["GET"]}}],"collection":[{"href":"https:\/\/intar.ee\/fi\/wp-json\/wp\/v2\/pages"}],"about":[{"href":"https:\/\/intar.ee\/fi\/wp-json\/wp\/v2\/types\/page"}],"author":[{"embeddable":true,"href":"https:\/\/intar.ee\/fi\/wp-json\/wp\/v2\/users\/1"}],"replies":[{"embeddable":true,"href":"https:\/\/intar.ee\/fi\/wp-json\/wp\/v2\/comments?post=2162"}],"version-history":[{"count":3,"href":"https:\/\/intar.ee\/fi\/wp-json\/wp\/v2\/pages\/2162\/revisions"}],"predecessor-version":[{"id":3156,"href":"https:\/\/intar.ee\/fi\/wp-json\/wp\/v2\/pages\/2162\/revisions\/3156"}],"up":[{"embeddable":true,"href":"https:\/\/intar.ee\/fi\/wp-json\/wp\/v2\/pages\/2054"}],"wp:attachment":[{"href":"https:\/\/intar.ee\/fi\/wp-json\/wp\/v2\/media?parent=2162"}],"curies":[{"name":"wp","href":"https:\/\/api.w.org\/{rel}","templated":true}]}}