{"id":2614,"date":"2021-08-04T10:20:17","date_gmt":"2021-08-04T10:20:17","guid":{"rendered":"https:\/\/intar.ee\/?post_type=product&#038;p=2614"},"modified":"2021-11-22T13:09:16","modified_gmt":"2021-11-22T13:09:16","slug":"vai-xl-5tk-pakis","status":"publish","type":"product","link":"https:\/\/intar.ee\/en\/pood\/vai-xl-5tk-pakis\/","title":{"rendered":"Vai-XL (5tk pakis)"},"content":{"rendered":"<p>Aias kasutamiseks m\u00f5eldud vai.<\/p>\n<p>Sobib v\u00f5rkude, peenravaiba v\u00f5i m\u00f5ne muu katte kinnitamiseks.<\/p>\n<p>Vaia pikkus 250mm.<\/p>\n<p>INTAR tootevaliku suurem mudel.<\/p>\n<p>Pakis 5tk.<\/p>\n","protected":false},"excerpt":{"rendered":"<p>Katete ja v\u00f5rkude kinnitamiseks m\u00f5eldud vai.<\/p>\n<p>Pikkus 250mm.<\/p>\n<p>Pakis 5tk.<\/p>\n","protected":false},"featured_media":2615,"template":"","meta":[],"product_brand":[],"product_cat":[213],"product_tag":[250,252,254,251,253,249],"class_list":{"0":"post-2614","1":"product","2":"type-product","3":"status-publish","4":"has-post-thumbnail","6":"product_cat-aed","7":"product_tag-aiavork","8":"product_tag-kattekinnitus","9":"product_tag-linnuvork","10":"product_tag-peenravaip","11":"product_tag-telgivai","12":"product_tag-vai","14":"first","15":"instock","16":"shipping-taxable","17":"purchasable","18":"product-type-simple"},"_links":{"self":[{"href":"https:\/\/intar.ee\/en\/wp-json\/wp\/v2\/product\/2614","targetHints":{"allow":["GET"]}}],"collection":[{"href":"https:\/\/intar.ee\/en\/wp-json\/wp\/v2\/product"}],"about":[{"href":"https:\/\/intar.ee\/en\/wp-json\/wp\/v2\/types\/product"}],"wp:featuredmedia":[{"embeddable":true,"href":"https:\/\/intar.ee\/en\/wp-json\/wp\/v2\/media\/2615"}],"wp:attachment":[{"href":"https:\/\/intar.ee\/en\/wp-json\/wp\/v2\/media?parent=2614"}],"wp:term":[{"taxonomy":"product_brand","embeddable":true,"href":"https:\/\/intar.ee\/en\/wp-json\/wp\/v2\/product_brand?post=2614"},{"taxonomy":"product_cat","embeddable":true,"href":"https:\/\/intar.ee\/en\/wp-json\/wp\/v2\/product_cat?post=2614"},{"taxonomy":"product_tag","embeddable":true,"href":"https:\/\/intar.ee\/en\/wp-json\/wp\/v2\/product_tag?post=2614"}],"curies":[{"name":"wp","href":"https:\/\/api.w.org\/{rel}","templated":true}]}}