{"id":2612,"date":"2021-08-04T10:20:01","date_gmt":"2021-08-04T10:20:01","guid":{"rendered":"https:\/\/intar.ee\/?post_type=product&#038;p=2612"},"modified":"2021-12-03T08:00:31","modified_gmt":"2021-12-03T08:00:31","slug":"vai-s","status":"publish","type":"product","link":"https:\/\/intar.ee\/en\/pood\/vai-s\/","title":{"rendered":"Vai-S (10tk pakis)"},"content":{"rendered":"<p>Aias kasutamiseks m\u00f5eldud vai.<\/p>\n<p>Sobib v\u00f5rkude, peenravaiba v\u00f5i m\u00f5ne muu katte kinnitamiseks.<\/p>\n<p>Vaia pikkus 190mm.<\/p>\n<p>INTAR tootevaliku v\u00e4iksem mudel.<\/p>\n<p>Pakis 10tk.<\/p>\n","protected":false},"excerpt":{"rendered":"<p>Katete ja v\u00f5rkude kinnitamiseks m\u00f5eldud vai.<\/p>\n<p>Pikkus 190mm.<\/p>\n<p>Pakis 10tk.<\/p>\n","protected":false},"featured_media":2613,"template":"","meta":[],"product_brand":[],"product_cat":[213],"product_tag":[250,252,251,253,249],"class_list":{"0":"post-2612","1":"product","2":"type-product","3":"status-publish","4":"has-post-thumbnail","6":"product_cat-aed","7":"product_tag-aiavork","8":"product_tag-kattekinnitus","9":"product_tag-peenravaip","10":"product_tag-telgivai","11":"product_tag-vai","13":"first","14":"instock","15":"shipping-taxable","16":"purchasable","17":"product-type-simple"},"_links":{"self":[{"href":"https:\/\/intar.ee\/en\/wp-json\/wp\/v2\/product\/2612","targetHints":{"allow":["GET"]}}],"collection":[{"href":"https:\/\/intar.ee\/en\/wp-json\/wp\/v2\/product"}],"about":[{"href":"https:\/\/intar.ee\/en\/wp-json\/wp\/v2\/types\/product"}],"wp:featuredmedia":[{"embeddable":true,"href":"https:\/\/intar.ee\/en\/wp-json\/wp\/v2\/media\/2613"}],"wp:attachment":[{"href":"https:\/\/intar.ee\/en\/wp-json\/wp\/v2\/media?parent=2612"}],"wp:term":[{"taxonomy":"product_brand","embeddable":true,"href":"https:\/\/intar.ee\/en\/wp-json\/wp\/v2\/product_brand?post=2612"},{"taxonomy":"product_cat","embeddable":true,"href":"https:\/\/intar.ee\/en\/wp-json\/wp\/v2\/product_cat?post=2612"},{"taxonomy":"product_tag","embeddable":true,"href":"https:\/\/intar.ee\/en\/wp-json\/wp\/v2\/product_tag?post=2612"}],"curies":[{"name":"wp","href":"https:\/\/api.w.org\/{rel}","templated":true}]}}