{"id":5475,"date":"2024-11-25T08:01:32","date_gmt":"2024-11-25T08:01:32","guid":{"rendered":"https:\/\/intar.ee\/pood\/industrielle-papierrollenhalter\/"},"modified":"2024-11-25T08:01:32","modified_gmt":"2024-11-25T08:01:32","slug":"industrielle-papierrollenhalter","status":"publish","type":"product","link":"https:\/\/intar.ee\/de\/shop\/industrielle-papierrollenhalter\/","title":{"rendered":"Industrielle Papierrollenhalter"},"content":{"rendered":"<p>Der industrielle Papierrollenhalter von INTAR ist aus hochwertigem Stahl gefertigt und pulverbeschichtet. Der wandmontierbare Halter spart wertvolle Arbeitsfl\u00e4che und ist immer einsatzbereit. Ideal f\u00fcr Produktionsbetriebe, Lagerhallen und Werkst\u00e4tten. Die minimalistische Formensprache sorgt daf\u00fcr, dass er sich in jedes Interieur einf\u00fcgt.<\/p>\n<p>Mit INTAR storage ist Ihr Arbeitsplatz immer aufger\u00e4umt.<\/p>\n","protected":false},"excerpt":{"rendered":"<p>Der industrielle Papierrollenhalter von INTAR ist aus hochwertigem Stahl gefertigt und pulverbeschichtet. Der wandmontierbare Halter spart wertvolle Arbeitsfl\u00e4che und ist immer einsatzbereit. Ideal f\u00fcr Produktionsbetriebe, Lagerhallen und Werkst\u00e4tten. Die minimalistische Formensprache sorgt daf\u00fcr, dass er sich in jedes Interieur einf\u00fcgt. Mit INTAR storage ist Ihr Arbeitsplatz immer aufger\u00e4umt.<\/p>\n","protected":false},"featured_media":5463,"template":"","meta":[],"product_brand":[],"product_cat":[161],"product_tag":[],"class_list":{"0":"post-5475","1":"product","2":"type-product","3":"status-publish","4":"has-post-thumbnail","6":"product_cat-inhaber","8":"first","9":"instock","10":"shipping-taxable","11":"purchasable","12":"product-type-simple"},"_links":{"self":[{"href":"https:\/\/intar.ee\/de\/wp-json\/wp\/v2\/product\/5475","targetHints":{"allow":["GET"]}}],"collection":[{"href":"https:\/\/intar.ee\/de\/wp-json\/wp\/v2\/product"}],"about":[{"href":"https:\/\/intar.ee\/de\/wp-json\/wp\/v2\/types\/product"}],"wp:featuredmedia":[{"embeddable":true,"href":"https:\/\/intar.ee\/de\/wp-json\/wp\/v2\/media\/5463"}],"wp:attachment":[{"href":"https:\/\/intar.ee\/de\/wp-json\/wp\/v2\/media?parent=5475"}],"wp:term":[{"taxonomy":"product_brand","embeddable":true,"href":"https:\/\/intar.ee\/de\/wp-json\/wp\/v2\/product_brand?post=5475"},{"taxonomy":"product_cat","embeddable":true,"href":"https:\/\/intar.ee\/de\/wp-json\/wp\/v2\/product_cat?post=5475"},{"taxonomy":"product_tag","embeddable":true,"href":"https:\/\/intar.ee\/de\/wp-json\/wp\/v2\/product_tag?post=5475"}],"curies":[{"name":"wp","href":"https:\/\/api.w.org\/{rel}","templated":true}]}}