{"id":5471,"date":"2024-11-25T07:57:25","date_gmt":"2024-11-25T07:57:25","guid":{"rendered":"https:\/\/intar.ee\/pood\/laptop-halter\/"},"modified":"2024-11-25T08:11:44","modified_gmt":"2024-11-25T08:11:44","slug":"laptop-halter","status":"publish","type":"product","link":"https:\/\/intar.ee\/de\/shop\/laptop-halter\/","title":{"rendered":"Laptop-Halter"},"content":{"rendered":"<p>Der INTAR Laptop-Halter ist aus hochwertigem Stahl gefertigt und pulverbeschichtet. Der St\u00e4nder ist f\u00fcr den modernen Arbeitsplatz konzipiert, um Effizienz, Benutzerfreundlichkeit und Organisation zu gew\u00e4hrleisten. Der Halter kann auf einem Schreibtisch montiert oder an der Wand befestigt werden. Die minimalistische Designsprache sorgt daf\u00fcr, dass er sich in jede Einrichtung einf\u00fcgt.<\/p>\n<p>Mit der INTAR-Ablage sind Ihre Werkzeuge &#8211; und jetzt auch Ihre Ausr\u00fcstung &#8211; immer ordentlich aufbewahrt und leicht zu erreichen.<\/p>\n","protected":false},"excerpt":{"rendered":"<p><br data-mce-bogus=\"1\"><\/p>\n","protected":false},"featured_media":5459,"template":"","meta":[],"product_brand":[],"product_cat":[161],"product_tag":[285],"class_list":{"0":"post-5471","1":"product","2":"type-product","3":"status-publish","4":"has-post-thumbnail","6":"product_cat-inhaber","7":"product_tag-laptop-halter","9":"first","10":"instock","11":"shipping-taxable","12":"purchasable","13":"product-type-simple"},"_links":{"self":[{"href":"https:\/\/intar.ee\/de\/wp-json\/wp\/v2\/product\/5471","targetHints":{"allow":["GET"]}}],"collection":[{"href":"https:\/\/intar.ee\/de\/wp-json\/wp\/v2\/product"}],"about":[{"href":"https:\/\/intar.ee\/de\/wp-json\/wp\/v2\/types\/product"}],"wp:featuredmedia":[{"embeddable":true,"href":"https:\/\/intar.ee\/de\/wp-json\/wp\/v2\/media\/5459"}],"wp:attachment":[{"href":"https:\/\/intar.ee\/de\/wp-json\/wp\/v2\/media?parent=5471"}],"wp:term":[{"taxonomy":"product_brand","embeddable":true,"href":"https:\/\/intar.ee\/de\/wp-json\/wp\/v2\/product_brand?post=5471"},{"taxonomy":"product_cat","embeddable":true,"href":"https:\/\/intar.ee\/de\/wp-json\/wp\/v2\/product_cat?post=5471"},{"taxonomy":"product_tag","embeddable":true,"href":"https:\/\/intar.ee\/de\/wp-json\/wp\/v2\/product_tag?post=5471"}],"curies":[{"name":"wp","href":"https:\/\/api.w.org\/{rel}","templated":true}]}}