{"id":2331,"date":"2021-03-16T19:18:56","date_gmt":"2021-03-16T19:18:56","guid":{"rendered":"https:\/\/intar.ee\/?post_type=product&#038;p=2331"},"modified":"2021-03-16T19:29:49","modified_gmt":"2021-03-16T19:29:49","slug":"schlagschrauberhalter-2","status":"publish","type":"product","link":"https:\/\/intar.ee\/de\/shop\/schlagschrauberhalter-2\/","title":{"rendered":"Schlagschrauberhalter 2"},"content":{"rendered":"<h2>Intar Schlagschrauberhalter<\/h2>\n<p>2-Positionen-Werkzeughalter.<\/p>\n<p><strong>Entworfen und hergestellt in ESTLAND.<\/strong><\/p>\n<p>Hergestellt aus starkem Metall und pulverbeschichtet. Entwickelt f\u00fcr gr\u00f6\u00dfere Werkzeuge, die nicht in einen normalen Bohrerhalter passen.<\/p>\n<p>Produktabmessungen: <strong>238x298x213mm<\/strong> und Gewicht <strong>3,1 kg<\/strong>.<\/p>\n<p>Die Verpackung enth\u00e4lt eine Installationsanweisung und Befestigungsmittel.<\/p>\n<p>Versand \u00fcber Paketautomaten oder Selbstabholung im Produktionsbetrieb.<\/p>\n<p>Auf den Halter k\u00f6nnen viele verschiedene Werkzeuge gesetzt werden:<\/p>\n<ul>\n<li>Hei\u00dfluftgebl\u00e4se<\/li>\n<li>Reifenpistole<\/li>\n<li>Akku-Schlagbohrschrauber<\/li>\n<li>Akkuschrauber<\/li>\n<li>usw.<\/li>\n<\/ul>\n","protected":false},"excerpt":{"rendered":"<p>2-Positionen-Werkzeughalter.<\/p>\n<p>Auf den Halter k\u00f6nnen viele verschiedene Werkzeuge gesetzt werden:<\/p>\n<ul>\n<li>Hei\u00dfluftgebl\u00e4se<\/li>\n<li>Reifenpistole<\/li>\n<li>Akku-Schlagbohrschrauber<\/li>\n<li>Akkuschrauber<\/li>\n<li>usw.<\/li>\n<\/ul>\n<p><strong>Das Produkt ist in Estland entworfen und hergestellt!<\/strong><\/p>\n","protected":false},"featured_media":2846,"template":"","meta":[],"product_brand":[],"product_cat":[145,161],"product_tag":[170],"class_list":{"0":"post-2331","1":"product","2":"type-product","3":"status-publish","4":"has-post-thumbnail","6":"product_cat-drill-holder-de","7":"product_cat-inhaber","8":"product_tag-dewalt-de","10":"first","11":"instock","12":"shipping-taxable","13":"purchasable","14":"product-type-simple"},"_links":{"self":[{"href":"https:\/\/intar.ee\/de\/wp-json\/wp\/v2\/product\/2331","targetHints":{"allow":["GET"]}}],"collection":[{"href":"https:\/\/intar.ee\/de\/wp-json\/wp\/v2\/product"}],"about":[{"href":"https:\/\/intar.ee\/de\/wp-json\/wp\/v2\/types\/product"}],"wp:featuredmedia":[{"embeddable":true,"href":"https:\/\/intar.ee\/de\/wp-json\/wp\/v2\/media\/2846"}],"wp:attachment":[{"href":"https:\/\/intar.ee\/de\/wp-json\/wp\/v2\/media?parent=2331"}],"wp:term":[{"taxonomy":"product_brand","embeddable":true,"href":"https:\/\/intar.ee\/de\/wp-json\/wp\/v2\/product_brand?post=2331"},{"taxonomy":"product_cat","embeddable":true,"href":"https:\/\/intar.ee\/de\/wp-json\/wp\/v2\/product_cat?post=2331"},{"taxonomy":"product_tag","embeddable":true,"href":"https:\/\/intar.ee\/de\/wp-json\/wp\/v2\/product_tag?post=2331"}],"curies":[{"name":"wp","href":"https:\/\/api.w.org\/{rel}","templated":true}]}}